{"id":8159,"date":"2021-12-02T19:04:18","date_gmt":"2021-12-02T19:04:18","guid":{"rendered":"https:\/\/ecobios-sofrapar.com\/politique-de-confidentialite\/"},"modified":"2021-12-02T19:04:26","modified_gmt":"2021-12-02T19:04:26","slug":"politique-de-confidentialite","status":"publish","type":"page","link":"https:\/\/ecobios-sofrapar.com\/it\/politique-de-confidentialite\/","title":{"rendered":"Politique de confidentialit\u00e9"},"content":{"rendered":"<p>[et_pb_section fb_built=&#8221;1&#8243; _builder_version=&#8221;3.22&#8243; global_colors_info=&#8221;{}&#8221; theme_builder_area=&#8221;post_content&#8221;][et_pb_row _builder_version=&#8221;3.25&#8243; background_size=&#8221;initial&#8221; background_position=&#8221;top_left&#8221; background_repeat=&#8221;repeat&#8221; global_colors_info=&#8221;{}&#8221; theme_builder_area=&#8221;post_content&#8221;][et_pb_column type=&#8221;4_4&#8243; _builder_version=&#8221;3.25&#8243; custom_padding=&#8221;|||&#8221; global_colors_info=&#8221;{}&#8221; custom_padding__hover=&#8221;|||&#8221; theme_builder_area=&#8221;post_content&#8221;][et_pb_text _builder_version=&#8221;3.27.4&#8243; background_size=&#8221;initial&#8221; background_position=&#8221;top_left&#8221; background_repeat=&#8221;repeat&#8221; global_colors_info=&#8221;{}&#8221; theme_builder_area=&#8221;post_content&#8221;]<\/p>\n<h1 style=%22text-align: center;%22><span class=%22TextRun SCXW235354695%22 lang=%22ES-ES%22 xml:lang=%22ES-ES%22><span class=%22NormalTextRun SCXW235354695%22>POL\u00cdTI<\/span><span class=%22NormalTextRun SCXW235354695%22>C<\/span><span class=%22NormalTextRun SCXW235354695%22>A DE <\/span><span class=%22NormalTextRun SCXW235354695%22>C<\/span><span class=%22NormalTextRun SCXW235354695%22>ON<\/span><span class=%22NormalTextRun SCXW235354695%22>FIDEN<\/span><span class=%22NormalTextRun SCXW235354695%22>C<\/span><span class=%22NormalTextRun SCXW235354695%22>IALIDAD<\/span><\/span><span class=%22EOP SCXW235354695%22 data-ccp-props=%22{%22201341983%22:0,%22335551550%22:2,%22335551620%22:2,%22335559738%22:240,%22335559739%22:0,%22335559740%22:276}%22> <\/span><\/h1>\n<ol>\n<li><strong><span class=%22TextRun SCXW80642626%22 lang=%22ES-ES%22 xml:lang=%22ES-ES%22><span class=%22NormalTextRun SCXW80642626%22>EDITOR DE LA P\u00c1GINA<\/span><\/span><span class=%22EOP SCXW80642626%22 data-ccp-props=%22{%22134233117%22:true,%22134233118%22:true,%22134233279%22:true,%22201341983%22:0,%22335559685%22:805,%22335559739%22:200,%22335559740%22:276,%22335559991%22:425}%22> <\/span><\/strong><\/li>\n<\/ol>\n<p>&nbsp;<\/p>\n<p><span class=%22TextRun SCXW86096858%22 lang=%22ES-ES%22 xml:lang=%22ES-ES%22><span class=%22NormalTextRun SCXW86096858%22>La p\u00e1gina?<\/span><\/span><a class=\"%22Hyperlink\" href=\"\/\/ecobios-sofrapar.com\/it\/%22\" target=\"%22_blank%22\" rel=\"%22noopener noopener\"><span class=%22TextRun Underlined SCXW86096858%22 lang=%22ES-ES%22 xml:lang=%22ES-ES%22><span class=%22NormalTextRun SCXW86096858%22>www.e<\/span><span class=%22NormalTextRun SCXW86096858%22>c<\/span><span class=%22NormalTextRun SCXW86096858%22>obios-sofrapar.<\/span><span class=%22NormalTextRun SCXW86096858%22>c<\/span><span class=%22NormalTextRun SCXW86096858%22>om<\/span><\/span><\/a><span class=%22TextRun SCXW86096858%22 lang=%22ES-ES%22 xml:lang=%22ES-ES%22><span class=%22NormalTextRun SCXW86096858%22>?es editada por la so<\/span><span class=%22NormalTextRun SCXW86096858%22>c<\/span><span class=%22NormalTextRun SCXW86096858%22>iedad SOFRAPAR, SARL de un <\/span><span class=%22NormalTextRun SCXW86096858%22>c<\/span><span class=%22NormalTextRun SCXW86096858%22>apital de 8.000 \u20ac, ins<\/span><span class=%22NormalTextRun SCXW86096858%22>c<\/span><span class=%22NormalTextRun SCXW86096858%22>rita en el R<\/span><span class=%22NormalTextRun SCXW86096858%22>C<\/span><span class=%22NormalTextRun SCXW86096858%22>S de Par\u00eds <\/span><span class=%22NormalTextRun SCXW86096858%22>c<\/span><span class=%22NormalTextRun SCXW86096858%22>on<\/span><span class=%22NormalTextRun SCXW86096858%22> el n\u00famero 632?014 080, <\/span><span class=%22NormalTextRun SCXW86096858%22>c<\/span><span class=%22NormalTextRun SCXW86096858%22>on<\/span><span class=%22NormalTextRun SCXW86096858%22> sede so<\/span><span class=%22NormalTextRun SCXW86096858%22>c<\/span><span class=%22NormalTextRun SCXW86096858%22>ial en el n\u00famero 53 de Rue GUTENBERG \u2013 75015 PAR\u00cdS.<\/span><\/span><span class=%22EOP SCXW86096858%22 data-ccp-props=%22{%22134233117%22:true,%22134233118%22:true,%22201341983%22:0,%22335559740%22:240}%22> <\/span><\/p>\n<p>&nbsp;<\/p>\n<ol start=%222%22>\n<li><strong><span class=%22TextRun SCXW169448847%22 lang=%22ES-ES%22 xml:lang=%22ES-ES%22><span class=%22NormalTextRun SCXW169448847%22>DATOS PERSONALES \u2013 POL\u00cdTI<\/span><span class=%22NormalTextRun SCXW169448847%22>C<\/span><span class=%22NormalTextRun SCXW169448847%22>A DE <\/span><span class=%22NormalTextRun SCXW169448847%22>C<\/span><span class=%22NormalTextRun SCXW169448847%22>ON<\/span><span class=%22NormalTextRun SCXW169448847%22>FIDEN<\/span><span class=%22NormalTextRun SCXW169448847%22>C<\/span><span class=%22NormalTextRun SCXW169448847%22>IALIDAD<\/span><\/span><span class=%22EOP SCXW169448847%22 data-ccp-props=%22{%22134233117%22:true,%22134233118%22:true,%22134233279%22:true,%22201341983%22:0,%22335559685%22:805,%22335559739%22:200,%22335559740%22:276,%22335559991%22:425}%22> <\/span><\/strong><\/li>\n<\/ol>\n<p>&nbsp;<\/p>\n<p>Conforme a las disposiciones de la ley del?6 de enero de 1978?modificada, relativa a la inform\u00e1tica, ficheros y libertades, los lectores y usuarios de la p\u00e1gina tienen derecho a acceder, rectificar y retirar informaciones personales relacionadas con ellos.<span data-ccp-props=%22{%22134233117%22:true,%22134233118%22:true,%22201341983%22:0,%22335559740%22:240}%22> <\/span><\/p>\n<p><span data-ccp-props=%22{%22134233117%22:true,%22134233118%22:true,%22201341983%22:0,%22335559740%22:240}%22> <\/span><\/p>\n<p>Puede ejercer este derecho indicando sus nombres y apellidos y direcci\u00f3n completa, ya sea:<span data-ccp-props=%22{%22134233117%22:true,%22134233118%22:true,%22201341983%22:0,%22335559740%22:240}%22> <\/span><\/p>\n<ul>\n<li data-leveltext=%22?%22 data-font=%22Symbol%22 data-listid=%2210%22 aria-setsize=%22-1%22 data-aria-posinset=%221%22 data-aria-level=%221%22>Por correo electr\u00f3nico:?<a href=%22mailto:contact@sofrapar.fr%22>contact@sofrapar.fr<\/a><span data-ccp-props=%22{%22134233117%22:true,%22134233118%22:true,%22201341983%22:0,%22335559739%22:200,%22335559740%22:276}%22> <\/span><\/li>\n<li data-leveltext=%22?%22 data-font=%22Symbol%22 data-listid=%2210%22 aria-setsize=%22-1%22 data-aria-posinset=%222%22 data-aria-level=%221%22>Por correo postal a la siguiente direcci\u00f3n: SOFRAPAR \u2013 53 Rue Gutenberg \u2013 75015 PARIS<span data-ccp-props=%22{%22134233117%22:true,%22134233118%22:true,%22201341983%22:0,%22335559739%22:200,%22335559740%22:276}%22> <\/span><\/li>\n<\/ul>\n<p>&nbsp;<\/p>\n<ol start=%223%22>\n<li><strong><span class=%22TextRun SCXW239673848%22 lang=%22ES-ES%22 xml:lang=%22ES-ES%22><span class=%22NormalTextRun SCXW239673848%22>BOLET\u00cdN INFORMATIVO SOFRAPAR<\/span><\/span><\/strong><\/li>\n<\/ol>\n<p>&nbsp;<\/p>\n<p>Si se suscribe al bolet\u00edn informativo de SOFRAPAR, utilizaremos su direcci\u00f3n electr\u00f3nica para enviarle cartas de informaci\u00f3n y para avisarle de nuevos productos, salones y eventos en los que participamos.<span data-ccp-props=%22{%22134233117%22:true,%22134233118%22:true,%22201341983%22:0,%22335559740%22:240}%22> <\/span><\/p>\n<p>Puede darse de baja de este servicio en cualquier momento haciendo clic en el v\u00ednculo que aparece en los boletines de informaci\u00f3n.<span data-ccp-props=%22{%22134233117%22:true,%22134233118%22:true,%22201341983%22:0,%22335559740%22:240}%22> <\/span><\/p>\n<p><strong> <\/strong><\/p>\n<ol start=%224%22>\n<li><strong><span class=%22NormalTextRun SCXW232689548%22>PROPIEDAD INTELE<\/span><span class=%22NormalTextRun SCXW232689548%22>C<\/span><span class=%22NormalTextRun SCXW232689548%22>TUAL<\/span><\/strong><\/li>\n<\/ol>\n<p>&nbsp;<\/p>\n<p>La p\u00e1gina y todo su contenido (lo que incluye textos, fotos, informaciones, marcas, logos, gr\u00e1ficos\u2026) son propiedad exclusiva de SOFRAPAR.<span data-ccp-props=%22{%22134233117%22:true,%22134233118%22:true,%22201341983%22:0,%22335559740%22:240}%22> <\/span><\/p>\n<p>Sin autorizaci\u00f3n previa y expresa de la sociedad SOFRAPAR, la representaci\u00f3n, la reproducci\u00f3n o utilizaci\u00f3n de todo o parte de estos elementos est\u00e1 formalmente prohibido y constituye, en caso de confirmarse, un acto de falsificaci\u00f3n sancionado en particular por los art\u00edculos L.335-2 y siguientes y L.716-1 y siguientes del C\u00f3digo franc\u00e9s de la propiedad intelectual.<span data-ccp-props=%22{%22134233117%22:true,%22134233118%22:true,%22201341983%22:0,%22335559740%22:240}%22> <\/span><\/p>\n<p>&nbsp;<\/p>\n<ol start=%225%22>\n<li><strong> COOKIES<\/strong><\/li>\n<\/ol>\n<p>&nbsp;<\/p>\n<p>SOFRAPAR se reserva el derecho le utilizar cookies en su p\u00e1gina web. Las cookies son ficheros que se env\u00edan al navegador y que quedan registrados en el disco duro del ordenador.<span data-ccp-props=%22{%22134233117%22:true,%22134233118%22:true,%22201341983%22:0,%22335559740%22:240}%22> <\/span><\/p>\n<p>Las cookies nos ayudan a garantizar un funcionamiento seguro y fluido de nuestra p\u00e1gina web.<span data-ccp-props=%22{%22134233117%22:true,%22134233118%22:true,%22201341983%22:0,%22335559740%22:240}%22> <\/span><\/p>\n<p>Usted puede desactivar las cookies si configura las preferencias del navegador del ordenador para no aceptarlas m\u00e1s.<span data-ccp-props=%22{%22134233117%22:true,%22134233118%22:true,%22201341983%22:0,%22335559740%22:240}%22> <\/span><\/p>\n<p>&nbsp;<\/p>\n<ol start=%226%22>\n<li><strong><span class=%22TextRun SCXW190276459%22 lang=%22ES-ES%22 xml:lang=%22ES-ES%22><span class=%22NormalTextRun SCXW190276459%22>TEXTOS APLI<\/span><span class=%22NormalTextRun SCXW190276459%22>C<\/span><span class=%22NormalTextRun SCXW190276459%22>ABLES \/ JURISDI<\/span><span class=%22NormalTextRun SCXW190276459%22>C<\/span><span class=%22NormalTextRun SCXW190276459%22>C<\/span><span class=%22NormalTextRun SCXW190276459%22>I\u00d3N<\/span><\/span><\/strong><\/li>\n<\/ol>\n<p>&nbsp;<\/p>\n<p>Las presentes menciones legales y pol\u00edtica de confidencialidad se rigen por la ley francesa.<span data-ccp-props=%22{%22134233117%22:true,%22134233118%22:true,%22201341983%22:0,%22335559740%22:240}%22> <\/span><\/p>\n<p>En caso de litigio relativo a su validez, a su interpretaci\u00f3n y\/o a su aplicaci\u00f3n, se otorga expresamente la jurisdicci\u00f3n a los tribunales competentes de Par\u00eds.<\/p>\n<p><strong> <\/strong><\/p>\n<ol start=%227%22>\n<li><strong><span class=%22TextRun SCXW100832402%22 lang=%22ES-ES%22 xml:lang=%22ES-ES%22><span class=%22NormalTextRun SCXW100832402%22>C<\/span><span class=%22NormalTextRun SCXW100832402%22>ON<\/span><span class=%22NormalTextRun SCXW100832402%22>TA<\/span><span class=%22NormalTextRun SCXW100832402%22>C<\/span><span class=%22NormalTextRun SCXW100832402%22>T<\/span><span class=%22NormalTextRun SCXW100832402%22>O<\/span><\/span><\/strong><\/li>\n<\/ol>\n<p>&nbsp;<\/p>\n<p><span class=%22NormalTextRun SCXW183714618%22>Para <\/span><span class=%22NormalTextRun SCXW183714618%22>c<\/span><span class=%22NormalTextRun SCXW183714618%22>ualquier <\/span><span class=%22NormalTextRun SCXW183714618%22>c<\/span><span class=%22NormalTextRun SCXW183714618%22>on<\/span><span class=%22NormalTextRun SCXW183714618%22>sulta o <\/span><span class=%22NormalTextRun SCXW183714618%22>c<\/span><span class=%22NormalTextRun SCXW183714618%22>omentario a<\/span><span class=%22NormalTextRun SCXW183714618%22>c<\/span><span class=%22NormalTextRun SCXW183714618%22>er<\/span><span class=%22NormalTextRun SCXW183714618%22>c<\/span><span class=%22NormalTextRun SCXW183714618%22>a de nuestra pol\u00edti<\/span><span class=%22NormalTextRun SCXW183714618%22>c<\/span><span class=%22NormalTextRun SCXW183714618%22>a de <\/span><span class=%22NormalTextRun SCXW183714618%22>c<\/span><span class=%22NormalTextRun SCXW183714618%22>on<\/span><span class=%22NormalTextRun SCXW183714618%22>fiden<\/span><span class=%22NormalTextRun SCXW183714618%22>c<\/span><span class=%22NormalTextRun SCXW183714618%22>ialidad, es<\/span><span class=%22NormalTextRun SCXW183714618%22>c<\/span><span class=%22NormalTextRun SCXW183714618%22>r\u00edbanos a la siguiente dire<\/span><span class=%22NormalTextRun SCXW183714618%22>c<\/span><span class=%22NormalTextRun SCXW183714618%22>c<\/span><span class=%22NormalTextRun SCXW183714618%22>i\u00f3n ele<\/span><span class=%22NormalTextRun SCXW183714618%22>c<\/span><span class=%22NormalTextRun SCXW183714618%22>tr\u00f3ni<\/span><span class=%22NormalTextRun SCXW183714618%22>c<\/span><span class=%22NormalTextRun SCXW183714618%22>a: <\/span><span class=%22NormalTextRun SCXW183714618%22>c<\/span><span class=%22NormalTextRun SCXW183714618%22>on<\/span><span class=%22NormalTextRun SCXW183714618%22>ta<\/span><span class=%22NormalTextRun SCXW183714618%22>c<\/span><span class=%22NormalTextRun SCXW183714618%22>t<\/span><span class=%22NormalTextRun SCXW183714618%22>@sofrapar.fr.<\/span>[\/vc_column_text][\/vc_column][\/vc_row]<br \/>\n[\/et_pb_text][\/et_pb_column][\/et_pb_row][\/et_pb_section]<\/p>\n","protected":false},"excerpt":{"rendered":"<p>POL\u00cdTICA DE CONFIDENCIALIDAD EDITOR DE LA P\u00c1GINA &nbsp; La p\u00e1gina?www.ecobios-sofrapar.com?es editada por la sociedad SOFRAPAR, SARL de un capital de 8.000 \u20ac, inscrita en el RCS de Par\u00eds con el n\u00famero 632?014 080, con sede social en el n\u00famero 53 de Rue GUTENBERG \u2013 75015 PAR\u00cdS. &nbsp; DATOS PERSONALES \u2013 POL\u00cdTICA DE CONFIDENCIALIDAD &nbsp; Conforme [&hellip;]<\/p>\n","protected":false},"author":1,"featured_media":0,"parent":0,"menu_order":0,"comment_status":"closed","ping_status":"closed","template":"","meta":{"_et_pb_use_builder":"on","_et_pb_old_content":"","_et_gb_content_width":"","_monsterinsights_skip_tracking":false,"_monsterinsights_sitenote_active":false,"_monsterinsights_sitenote_note":"","_monsterinsights_sitenote_category":0,"footnotes":""},"class_list":["post-8159","page","type-page","status-publish","hentry"],"_links":{"self":[{"href":"https:\/\/ecobios-sofrapar.com\/it\/wp-json\/wp\/v2\/pages\/8159","targetHints":{"allow":["GET"]}}],"collection":[{"href":"https:\/\/ecobios-sofrapar.com\/it\/wp-json\/wp\/v2\/pages"}],"about":[{"href":"https:\/\/ecobios-sofrapar.com\/it\/wp-json\/wp\/v2\/types\/page"}],"author":[{"embeddable":true,"href":"https:\/\/ecobios-sofrapar.com\/it\/wp-json\/wp\/v2\/users\/1"}],"replies":[{"embeddable":true,"href":"https:\/\/ecobios-sofrapar.com\/it\/wp-json\/wp\/v2\/comments?post=8159"}],"version-history":[{"count":0,"href":"https:\/\/ecobios-sofrapar.com\/it\/wp-json\/wp\/v2\/pages\/8159\/revisions"}],"wp:attachment":[{"href":"https:\/\/ecobios-sofrapar.com\/it\/wp-json\/wp\/v2\/media?parent=8159"}],"curies":[{"name":"wp","href":"https:\/\/api.w.org\/{rel}","templated":true}]}}