{"id":8118,"date":"2021-12-02T18:42:17","date_gmt":"2021-12-02T18:42:17","guid":{"rendered":"https:\/\/ecobios-sofrapar.com\/boutique\/"},"modified":"2023-10-24T13:45:34","modified_gmt":"2023-10-24T13:45:34","slug":"negozio","status":"publish","type":"page","link":"https:\/\/ecobios-sofrapar.com\/it\/negozio\/","title":{"rendered":"Boutique"},"content":{"rendered":"<p>[et_pb_section fb_built=&#8221;1&#8243; _builder_version=&#8221;4.16&#8243; _module_preset=&#8221;default&#8221; custom_margin=&#8221;0px||0px||true|false&#8221; custom_padding=&#8221;0px||0px||true|false&#8221; locked=&#8221;off&#8221; global_colors_info=&#8221;{}&#8221;][et_pb_row _builder_version=&#8221;4.16&#8243; _module_preset=&#8221;default&#8221; width=&#8221;100%&#8221; max_width=&#8221;100%&#8221; custom_margin=&#8221;0px||0px||true|false&#8221; custom_padding=&#8221;0px||0px||false|false&#8221; global_colors_info=&#8221;{}&#8221;][et_pb_column type=&#8221;4_4&#8243; _builder_version=&#8221;4.16&#8243; _module_preset=&#8221;default&#8221; global_colors_info=&#8221;{}&#8221;][et_pb_slider _builder_version=&#8221;4.16&#8243; _module_preset=&#8221;default&#8221; header_font=&#8221;neo sans-pro-897||||||||&#8221; header_font_size=&#8221;75px&#8221; custom_padding=&#8221;12%||12%||true|false&#8221; custom_padding_tablet=&#8221;36%||22%||false|false&#8221; custom_padding_phone=&#8221;&#8221; custom_padding_last_edited=&#8221;on|tablet&#8221; header_font_size_tablet=&#8221;48px&#8221; header_font_size_phone=&#8221;&#8221; header_font_size_last_edited=&#8221;on|tablet&#8221; header_text_shadow_style=&#8221;preset4&#8243; global_colors_info=&#8221;{}&#8221;][et_pb_slide heading=&#8221;BOUTIQUE ECOBIOS\u00ae&#8221; _builder_version=&#8221;4.16&#8243; _module_preset=&#8221;default&#8221; header_font=&#8221;|800|||||||&#8221; background_image=&#8221;https:\/\/ecobios-sofrapar.com\/wp-content\/uploads\/2021\/01\/sunflower-1521880_opt.jpg&#8221; background_enable_image=&#8221;on&#8221; max_width=&#8221;990px&#8221; global_colors_info=&#8221;{}&#8221; sticky_transition=&#8221;on&#8221;][\/et_pb_slide][\/et_pb_slider][\/et_pb_column][\/et_pb_row][\/et_pb_section][et_pb_section fb_built=&#8221;1&#8243; _builder_version=&#8221;4.16&#8243; _module_preset=&#8221;default&#8221; background_color=&#8221;#eceded&#8221; custom_padding=&#8221;47px||70px|0px||&#8221; locked=&#8221;off&#8221; global_colors_info=&#8221;{}&#8221;][et_pb_row _builder_version=&#8221;4.16&#8243; _module_preset=&#8221;default&#8221; custom_margin=&#8221;18px|auto|18px|auto|true|&#8221; locked=&#8221;off&#8221; global_colors_info=&#8221;{}&#8221;][et_pb_column type=&#8221;4_4&#8243; _builder_version=&#8221;4.16&#8243; _module_preset=&#8221;default&#8221; global_colors_info=&#8221;{}&#8221;][et_pb_text _builder_version=&#8221;4.16&#8243; _module_preset=&#8221;default&#8221; header_2_font=&#8221;|||on|||||&#8221; header_2_text_align=&#8221;center&#8221; header_2_text_color=&#8221;rgba(0,0,0,0.56)&#8221; header_2_font_size=&#8221;38px&#8221; header_2_letter_spacing=&#8221;2px&#8221; header_3_font=&#8221;NeoSansPro Light|||on|||||&#8221; header_3_text_align=&#8221;center&#8221; header_3_text_color=&#8221;#808080&#8243; header_3_font_size=&#8221;55px&#8221; header_3_letter_spacing=&#8221;1px&#8221; header_3_line_height=&#8221;1.2em&#8221; module_alignment=&#8221;center&#8221; header_3_font_size_tablet=&#8221;&#8221; header_3_font_size_phone=&#8221;38px&#8221; header_3_font_size_last_edited=&#8221;on|phone&#8221; border_width_bottom=&#8221;2px&#8221; border_color_bottom=&#8221;rgba(51,51,51,0.29)&#8221; global_colors_info=&#8221;{}&#8221;]<\/p>\n<h3>RESPONSABILIT\u00c9<\/h3>\n<p>[\/et_pb_text][et_pb_text _builder_version=&#8221;4.16&#8243; _module_preset=&#8221;default&#8221; text_font=&#8221;neo sans-pro-225|800|||||||&#8221; text_text_color=&#8221;#808080&#8243; text_font_size=&#8221;18px&#8221; text_line_height=&#8221;1.71em&#8221; text_orientation=&#8221;center&#8221; global_colors_info=&#8221;{}&#8221;]Nous avons choisi de proposer des produits de qualit\u00e9, efficaces et sans empreinte n\u00e9gative sur l\u2019environnement. Nous agissons pour retrouver l\u2019odeur de l\u2019humus, favoriser le go\u00fbt des aliments sains et redonner le plaisir de cultiver au m\u00e9tier d\u2019agriculteur..<br \/>\n[\/et_pb_text][\/et_pb_column][\/et_pb_row][et_pb_row column_structure=&#8221;1_3,1_3,1_3&#8243; make_equal=&#8221;on&#8221; _builder_version=&#8221;4.16&#8243; _module_preset=&#8221;default&#8221; global_colors_info=&#8221;{}&#8221;][et_pb_column type=&#8221;1_3&#8243; _builder_version=&#8221;4.16&#8243; _module_preset=&#8221;default&#8221; global_colors_info=&#8221;{}&#8221;][et_pb_image src=&#8221;https:\/\/ecobios-sofrapar.com\/wp-content\/uploads\/2021\/01\/photo-cereales1_opt.jpg&#8221; title_text=&#8221;photo cereales1_opt&#8221; url=&#8221;@ET-DC@eyJkeW5hbWljIjp0cnVlLCJjb250ZW50IjoicG9zdF9saW5rX3VybF9wcm9kdWN0Iiwic2V0dGluZ3MiOnsicG9zdF9pZCI6IjU3MzAifX0=@&#8221; align=&#8221;center&#8221; _builder_version=&#8221;4.19.0&#8243; _dynamic_attributes=&#8221;url&#8221; _module_preset=&#8221;default&#8221; custom_padding=&#8221;0px||0px||true|false&#8221; global_colors_info=&#8221;{}&#8221;][\/et_pb_image][et_pb_text _builder_version=&#8221;4.16&#8243; _module_preset=&#8221;default&#8221; text_font=&#8221;neo sans-pro-225||on||||||&#8221; header_2_font=&#8221;neo sans-pro-873|||on|||||&#8221; header_2_text_align=&#8221;left&#8221; header_2_text_color=&#8221;rgba(0,0,0,0.56)&#8221; header_2_font_size=&#8221;28px&#8221; header_3_font=&#8221;neo sans-pro-light||on|on|||||&#8221; header_3_text_align=&#8221;left&#8221; header_3_text_color=&#8221;#808080&#8243; header_3_font_size=&#8221;28px&#8221; header_3_letter_spacing=&#8221;1px&#8221; header_4_text_align=&#8221;left&#8221; header_4_text_color=&#8221;#808080&#8243; header_5_font=&#8221;neo sans-pro-897||||||||&#8221; header_5_text_color=&#8221;#808080&#8243; header_5_font_size=&#8221;40px&#8221; header_5_line_height=&#8221;1.2em&#8221; module_alignment=&#8221;left&#8221; custom_margin=&#8221;20px||0px||false|false&#8221; custom_padding=&#8221;0px||0px||true|false&#8221; border_color_bottom=&#8221;rgba(51,51,51,0.29)&#8221; global_colors_info=&#8221;{}&#8221;]<\/p>\n<h2>ECOBIOS\u00ae C\u00c9R\u00c9ALES<\/h2>\n<h3>VOLUME NET:1L<\/h3>\n<p>(PRODUIT FORTEMENT CONCENTR\u00c9)<\/p>\n<h4>UTILISATION: 1L x 10 HECTARES<\/h4>\n<h5>400\u20acHT<\/h5>\n<p>[\/et_pb_text][et_pb_button button_url=&#8221;@ET-DC@eyJkeW5hbWljIjp0cnVlLCJjb250ZW50IjoicG9zdF9saW5rX3VybF9wcm9kdWN0Iiwic2V0dGluZ3MiOnsicG9zdF9pZCI6IjU3MzAifX0=@&#8221; button_text=&#8221;Ajouter au panier&#8221; button_alignment=&#8221;left&#8221; _builder_version=&#8221;4.19.0&#8243; _dynamic_attributes=&#8221;button_url&#8221; _module_preset=&#8221;default&#8221; custom_button=&#8221;on&#8221; button_text_color=&#8221;#ffffff&#8221; button_bg_color=&#8221;#adbf07&#8243; button_border_color=&#8221;rgba(0,0,0,0)&#8221; button_font=&#8221;neo sans-pro-985||||||||&#8221; button_use_icon=&#8221;off&#8221; custom_margin=&#8221;0px||-20px||false|false&#8221; custom_margin_tablet=&#8221;||40px||false|false&#8221; custom_margin_phone=&#8221;&#8221; custom_margin_last_edited=&#8221;on|tablet&#8221; custom_padding=&#8221;15px|25px|10px|25px|false|true&#8221; custom_css_main_element=&#8221;border-top-left-radius: 20px;||border-bottom-right-radius: 20px;||border-top-right-radius: 0px;||border-bottom-left-radius: 0px;||&#8221; global_colors_info=&#8221;{}&#8221; button_bg_color__hover_enabled=&#8221;on|desktop&#8221; button_bg_color__hover=&#8221;#9eaf05&#8243; button_bg_enable_color__hover=&#8221;on&#8221; custom_css_main_element__hover_enabled=&#8221;on|desktop&#8221; custom_css_main_element__hover=&#8221;border-top-left-radius: 0px;||border-bottom-right-radius: 0px;||border-top-right-radius: 20px;||border-bottom-left-radius: 20px;&#8221;][\/et_pb_button][\/et_pb_column][et_pb_column type=&#8221;1_3&#8243; _builder_version=&#8221;4.16&#8243; _module_preset=&#8221;default&#8221; global_colors_info=&#8221;{}&#8221;][et_pb_image src=&#8221;https:\/\/ecobios-sofrapar.com\/wp-content\/uploads\/2021\/01\/photovigne1_opt.jpg&#8221; title_text=&#8221;photovigne1_opt&#8221; url=&#8221;@ET-DC@eyJkeW5hbWljIjp0cnVlLCJjb250ZW50IjoicG9zdF9saW5rX3VybF9wcm9kdWN0Iiwic2V0dGluZ3MiOnsicG9zdF9pZCI6IjU3MjgifX0=@&#8221; align=&#8221;center&#8221; _builder_version=&#8221;4.19.0&#8243; _dynamic_attributes=&#8221;url&#8221; _module_preset=&#8221;default&#8221; width=&#8221;89%&#8221; custom_padding=&#8221;0px||0px||true|false&#8221; global_colors_info=&#8221;{}&#8221;][\/et_pb_image][et_pb_text _builder_version=&#8221;4.16&#8243; _module_preset=&#8221;default&#8221; text_font=&#8221;neo sans-pro-225||on||||||&#8221; header_2_font=&#8221;neo sans-pro-873|||on|||||&#8221; header_2_text_align=&#8221;left&#8221; header_2_text_color=&#8221;rgba(0,0,0,0.56)&#8221; header_2_font_size=&#8221;28px&#8221; header_3_font=&#8221;neo sans-pro-light||on|on|||||&#8221; header_3_text_align=&#8221;left&#8221; header_3_text_color=&#8221;#808080&#8243; header_3_font_size=&#8221;28px&#8221; header_3_letter_spacing=&#8221;1px&#8221; header_4_text_align=&#8221;left&#8221; header_4_text_color=&#8221;#808080&#8243; header_5_font=&#8221;neo sans-pro-897||||||||&#8221; header_5_text_color=&#8221;#808080&#8243; header_5_font_size=&#8221;40px&#8221; header_5_line_height=&#8221;1.2em&#8221; module_alignment=&#8221;left&#8221; custom_margin=&#8221;20px||0px||false|false&#8221; custom_padding=&#8221;0px||0px||true|false&#8221; border_color_bottom=&#8221;rgba(51,51,51,0.29)&#8221; global_colors_info=&#8221;{}&#8221;]<\/p>\n<h2>ECOBIOS\u00ae ViGNE<\/h2>\n<h3>VOLUME NET:1L<\/h3>\n<p>(PRODUIT FORTEMENT CONCENTR\u00c9)<\/p>\n<h4>UTILISATION: 1L x 3 HECTARES<\/h4>\n<h5>504.90\u20acHT<\/h5>\n<p>[\/et_pb_text][et_pb_button button_url=&#8221;@ET-DC@eyJkeW5hbWljIjp0cnVlLCJjb250ZW50IjoicG9zdF9saW5rX3VybF9wcm9kdWN0Iiwic2V0dGluZ3MiOnsicG9zdF9pZCI6IjU3MjgifX0=@&#8221; button_text=&#8221;Ajouter au panier&#8221; button_alignment=&#8221;left&#8221; _builder_version=&#8221;4.19.0&#8243; _dynamic_attributes=&#8221;button_url&#8221; _module_preset=&#8221;default&#8221; custom_button=&#8221;on&#8221; button_text_color=&#8221;#ffffff&#8221; button_bg_color=&#8221;#adbf07&#8243; button_border_color=&#8221;rgba(0,0,0,0)&#8221; button_font=&#8221;neo sans-pro-985||||||||&#8221; button_use_icon=&#8221;off&#8221; custom_margin=&#8221;0px||-20px||false|false&#8221; custom_margin_tablet=&#8221;0px||40px||false|false&#8221; custom_margin_phone=&#8221;&#8221; custom_margin_last_edited=&#8221;on|tablet&#8221; custom_padding=&#8221;15px|25px|10px|25px|false|true&#8221; custom_css_main_element=&#8221;border-top-left-radius: 20px;||border-bottom-right-radius: 20px;||border-top-right-radius: 0px;||border-bottom-left-radius: 0px;||&#8221; global_colors_info=&#8221;{}&#8221; button_bg_color__hover_enabled=&#8221;on|desktop&#8221; button_bg_color__hover=&#8221;#9eaf05&#8243; button_bg_enable_color__hover=&#8221;on&#8221; custom_css_main_element__hover_enabled=&#8221;on|desktop&#8221; custom_css_main_element__hover=&#8221;border-top-left-radius: 0px;||border-bottom-right-radius: 0px;||border-top-right-radius: 20px;||border-bottom-left-radius: 20px;&#8221;][\/et_pb_button][\/et_pb_column][et_pb_column type=&#8221;1_3&#8243; _builder_version=&#8221;4.16&#8243; _module_preset=&#8221;default&#8221; global_colors_info=&#8221;{}&#8221;][et_pb_image src=&#8221;https:\/\/ecobios-sofrapar.com\/wp-content\/uploads\/2021\/01\/photo-legumes1_opt.jpg&#8221; title_text=&#8221;photo legumes1_opt&#8221; url=&#8221;@ET-DC@eyJkeW5hbWljIjp0cnVlLCJjb250ZW50IjoicG9zdF9saW5rX3VybF9wcm9kdWN0Iiwic2V0dGluZ3MiOnsicG9zdF9pZCI6IjU3MzAifX0=@&#8221; align=&#8221;center&#8221; _builder_version=&#8221;4.19.0&#8243; _dynamic_attributes=&#8221;url&#8221; _module_preset=&#8221;default&#8221; width=&#8221;96%&#8221; custom_padding=&#8221;0px||0px||true|false&#8221; global_colors_info=&#8221;{}&#8221;][\/et_pb_image][et_pb_text _builder_version=&#8221;4.16&#8243; _module_preset=&#8221;default&#8221; text_font=&#8221;neo sans-pro-225||on||||||&#8221; header_2_font=&#8221;neo sans-pro-873|||on|||||&#8221; header_2_text_align=&#8221;left&#8221; header_2_text_color=&#8221;rgba(0,0,0,0.56)&#8221; header_2_font_size=&#8221;27px&#8221; header_3_font=&#8221;neo sans-pro-light||on|on|||||&#8221; header_3_text_align=&#8221;left&#8221; header_3_text_color=&#8221;#808080&#8243; header_3_font_size=&#8221;28px&#8221; header_3_letter_spacing=&#8221;1px&#8221; header_4_text_align=&#8221;left&#8221; header_4_text_color=&#8221;#808080&#8243; header_5_font=&#8221;neo sans-pro-897||||||||&#8221; header_5_text_color=&#8221;#808080&#8243; header_5_font_size=&#8221;40px&#8221; header_5_line_height=&#8221;1.2em&#8221; module_alignment=&#8221;left&#8221; custom_margin=&#8221;20px||0px||false|false&#8221; custom_padding=&#8221;0px||0px||true|false&#8221; border_color_bottom=&#8221;rgba(51,51,51,0.29)&#8221; global_colors_info=&#8221;{}&#8221;]<\/p>\n<h2>ECOBIOS\u00ae L\u00c9GUMES<\/h2>\n<h3>VOLUME NET:1L<\/h3>\n<p>(PRODUIT FORTEMENT CONCENTR\u00c9)<\/p>\n<h4>UTILISATION: 1L x 10 HECTARES<\/h4>\n<h5>579\u20acHT<\/h5>\n<p>[\/et_pb_text][et_pb_button button_url=&#8221;@ET-DC@eyJkeW5hbWljIjp0cnVlLCJjb250ZW50IjoicG9zdF9saW5rX3VybF9wcm9kdWN0Iiwic2V0dGluZ3MiOnsicG9zdF9pZCI6IjU3MjcifX0=@&#8221; button_text=&#8221;Ajouter au panier&#8221; button_alignment=&#8221;left&#8221; _builder_version=&#8221;4.19.0&#8243; _dynamic_attributes=&#8221;button_url&#8221; _module_preset=&#8221;default&#8221; custom_button=&#8221;on&#8221; button_text_color=&#8221;#ffffff&#8221; button_bg_color=&#8221;#adbf07&#8243; button_border_color=&#8221;rgba(0,0,0,0)&#8221; button_font=&#8221;neo sans-pro-985||||||||&#8221; button_use_icon=&#8221;off&#8221; custom_margin=&#8221;0px||-20px||false|false&#8221; custom_margin_tablet=&#8221;0px||0px||false|false&#8221; custom_margin_phone=&#8221;&#8221; custom_margin_last_edited=&#8221;on|tablet&#8221; custom_padding=&#8221;15px|25px|10px|25px|false|true&#8221; custom_css_main_element=&#8221;border-top-left-radius: 20px;||border-bottom-right-radius: 20px;||border-top-right-radius: 0px;||border-bottom-left-radius: 0px;||&#8221; global_colors_info=&#8221;{}&#8221; button_bg_color__hover_enabled=&#8221;on|desktop&#8221; button_bg_color__hover=&#8221;#9eaf05&#8243; button_bg_enable_color__hover=&#8221;on&#8221; custom_css_main_element__hover_enabled=&#8221;on|desktop&#8221; custom_css_main_element__hover=&#8221;border-top-left-radius: 0px;||border-bottom-right-radius: 0px;||border-top-right-radius: 20px;||border-bottom-left-radius: 20px;&#8221;][\/et_pb_button][\/et_pb_column][\/et_pb_row][et_pb_row column_structure=&#8221;1_3,1_3,1_3&#8243; _builder_version=&#8221;4.16&#8243; _module_preset=&#8221;default&#8221; custom_padding=&#8221;70px|||||&#8221; global_colors_info=&#8221;{}&#8221;][et_pb_column type=&#8221;1_3&#8243; _builder_version=&#8221;4.16&#8243; _module_preset=&#8221;default&#8221; global_colors_info=&#8221;{}&#8221;][et_pb_image src=&#8221;https:\/\/ecobios-sofrapar.com\/wp-content\/uploads\/2021\/01\/photo-fleurs1_opt.jpg&#8221; title_text=&#8221;photo fleurs1_opt&#8221; url=&#8221;@ET-DC@eyJkeW5hbWljIjp0cnVlLCJjb250ZW50IjoicG9zdF9saW5rX3VybF9wcm9kdWN0Iiwic2V0dGluZ3MiOnsicG9zdF9pZCI6IjU3MzEifX0=@&#8221; align=&#8221;center&#8221; _builder_version=&#8221;4.19.0&#8243; _dynamic_attributes=&#8221;url&#8221; _module_preset=&#8221;default&#8221; width=&#8221;99%&#8221; custom_padding=&#8221;0px||0px||true|false&#8221; global_colors_info=&#8221;{}&#8221;][\/et_pb_image][et_pb_text _builder_version=&#8221;4.16&#8243; _module_preset=&#8221;default&#8221; text_font=&#8221;neo sans-pro-225||on||||||&#8221; header_2_font=&#8221;neo sans-pro-873|||on|||||&#8221; header_2_text_align=&#8221;left&#8221; header_2_text_color=&#8221;rgba(0,0,0,0.56)&#8221; header_2_font_size=&#8221;28px&#8221; header_3_font=&#8221;neo sans-pro-light||on|on|||||&#8221; header_3_text_align=&#8221;left&#8221; header_3_text_color=&#8221;#808080&#8243; header_3_font_size=&#8221;28px&#8221; header_3_letter_spacing=&#8221;1px&#8221; header_4_text_align=&#8221;left&#8221; header_4_text_color=&#8221;#808080&#8243; header_5_font=&#8221;neo sans-pro-897||||||||&#8221; header_5_text_color=&#8221;#808080&#8243; header_5_font_size=&#8221;40px&#8221; header_5_line_height=&#8221;1.2em&#8221; module_alignment=&#8221;left&#8221; custom_margin=&#8221;20px||0px||false|false&#8221; custom_padding=&#8221;0px||0px||true|false&#8221; border_color_bottom=&#8221;rgba(51,51,51,0.29)&#8221; global_colors_info=&#8221;{}&#8221;]<\/p>\n<h2>ECOBIOS\u00ae FLEURS<\/h2>\n<h3>VOLUME NET:1L<\/h3>\n<p>(PRODUIT FORTEMENT CONCENTR\u00c9)<\/p>\n<h4>UTILISATION: 1L x 10 HECTARES<\/h4>\n<h5>471\u20acHT<\/h5>\n<p>[\/et_pb_text][et_pb_button button_url=&#8221;@ET-DC@eyJkeW5hbWljIjp0cnVlLCJjb250ZW50IjoicG9zdF9saW5rX3VybF9wcm9kdWN0Iiwic2V0dGluZ3MiOnsicG9zdF9pZCI6IjU3MzEifX0=@&#8221; button_text=&#8221;Ajouter au panier&#8221; button_alignment=&#8221;left&#8221; _builder_version=&#8221;4.19.0&#8243; _dynamic_attributes=&#8221;button_url&#8221; _module_preset=&#8221;default&#8221; custom_button=&#8221;on&#8221; button_text_color=&#8221;#ffffff&#8221; button_bg_color=&#8221;#adbf07&#8243; button_border_color=&#8221;rgba(0,0,0,0)&#8221; button_font=&#8221;neo sans-pro-985||||||||&#8221; button_use_icon=&#8221;off&#8221; custom_margin=&#8221;0px||-20px||false|false&#8221; custom_margin_tablet=&#8221;0px||40px||false|false&#8221; custom_margin_phone=&#8221;&#8221; custom_margin_last_edited=&#8221;on|tablet&#8221; custom_padding=&#8221;15px|25px|10px|25px|false|true&#8221; custom_css_main_element=&#8221;border-top-left-radius: 20px;||border-bottom-right-radius: 20px;||border-top-right-radius: 0px;||border-bottom-left-radius: 0px;||&#8221; global_colors_info=&#8221;{}&#8221; button_bg_color__hover_enabled=&#8221;on|desktop&#8221; button_bg_color__hover=&#8221;#9eaf05&#8243; button_bg_enable_color__hover=&#8221;on&#8221; custom_css_main_element__hover_enabled=&#8221;on|desktop&#8221; custom_css_main_element__hover=&#8221;border-top-left-radius: 0px;||border-bottom-right-radius: 0px;||border-top-right-radius: 20px;||border-bottom-left-radius: 20px;&#8221;][\/et_pb_button][\/et_pb_column][et_pb_column type=&#8221;1_3&#8243; _builder_version=&#8221;4.16&#8243; _module_preset=&#8221;default&#8221; global_colors_info=&#8221;{}&#8221;][et_pb_image src=&#8221;https:\/\/ecobios-sofrapar.com\/wp-content\/uploads\/2021\/01\/photo-zn_opt.jpg&#8221; title_text=&#8221;OLYMPUS DIGITAL CAMERA&#8221; url=&#8221;@ET-DC@eyJkeW5hbWljIjp0cnVlLCJjb250ZW50IjoicG9zdF9saW5rX3VybF9wcm9kdWN0Iiwic2V0dGluZ3MiOnsicG9zdF9pZCI6IjU3MzgifX0=@&#8221; align=&#8221;center&#8221; _builder_version=&#8221;4.19.0&#8243; _dynamic_attributes=&#8221;url&#8221; _module_preset=&#8221;default&#8221; custom_padding=&#8221;0px||0px||true|false&#8221; global_colors_info=&#8221;{}&#8221;][\/et_pb_image][et_pb_text _builder_version=&#8221;4.16&#8243; _module_preset=&#8221;default&#8221; text_font=&#8221;neo sans-pro-225||on||||||&#8221; header_2_font=&#8221;neo sans-pro-873|||on|||||&#8221; header_2_text_align=&#8221;left&#8221; header_2_text_color=&#8221;rgba(0,0,0,0.56)&#8221; header_2_font_size=&#8221;28px&#8221; header_3_font=&#8221;neo sans-pro-light||on|on|||||&#8221; header_3_text_align=&#8221;left&#8221; header_3_text_color=&#8221;#808080&#8243; header_3_font_size=&#8221;26px&#8221; header_3_letter_spacing=&#8221;1px&#8221; header_4_text_align=&#8221;left&#8221; header_4_text_color=&#8221;#808080&#8243; header_5_font=&#8221;neo sans-pro-897||||||||&#8221; header_5_text_color=&#8221;#808080&#8243; header_5_font_size=&#8221;40px&#8221; header_5_line_height=&#8221;1.2em&#8221; module_alignment=&#8221;left&#8221; custom_margin=&#8221;20px||0px||false|false&#8221; custom_padding=&#8221;0px||0px||true|false&#8221; border_color_bottom=&#8221;rgba(51,51,51,0.29)&#8221; global_colors_info=&#8221;{}&#8221;]<\/p>\n<h2>ECOBIOS\u00ae ZN<\/h2>\n<h3>VOLUME NET:100ML<\/h3>\n<p>(PRODUIT FORTEMENT CONCENTR\u00c9)<\/p>\n<h4>UTILISATION: 100ML x 10 HECTARES<\/h4>\n<h5>127\u20acHT<\/h5>\n<p>[\/et_pb_text][et_pb_button button_url=&#8221;@ET-DC@eyJkeW5hbWljIjp0cnVlLCJjb250ZW50IjoicG9zdF9saW5rX3VybF9wcm9kdWN0Iiwic2V0dGluZ3MiOnsicG9zdF9pZCI6IjU3MzgifX0=@&#8221; button_text=&#8221;Ajouter au panier&#8221; button_alignment=&#8221;left&#8221; _builder_version=&#8221;4.19.0&#8243; _dynamic_attributes=&#8221;button_url&#8221; _module_preset=&#8221;default&#8221; custom_button=&#8221;on&#8221; button_text_color=&#8221;#ffffff&#8221; button_bg_color=&#8221;#adbf07&#8243; button_border_color=&#8221;rgba(0,0,0,0)&#8221; button_font=&#8221;neo sans-pro-985||||||||&#8221; button_use_icon=&#8221;off&#8221; custom_margin=&#8221;0px||-20px||false|false&#8221; custom_margin_tablet=&#8221;0px||40px||false|false&#8221; custom_margin_phone=&#8221;&#8221; custom_margin_last_edited=&#8221;on|tablet&#8221; custom_padding=&#8221;15px|25px|10px|25px|false|true&#8221; custom_css_main_element=&#8221;border-top-left-radius: 20px;||border-bottom-right-radius: 20px;||border-top-right-radius: 0px;||border-bottom-left-radius: 0px;||&#8221; global_colors_info=&#8221;{}&#8221; button_bg_color__hover_enabled=&#8221;on|desktop&#8221; button_bg_color__hover=&#8221;#9eaf05&#8243; button_bg_enable_color__hover=&#8221;on&#8221; custom_css_main_element__hover_enabled=&#8221;on|desktop&#8221; custom_css_main_element__hover=&#8221;border-top-left-radius: 0px;||border-bottom-right-radius: 0px;||border-top-right-radius: 20px;||border-bottom-left-radius: 20px;&#8221;][\/et_pb_button][\/et_pb_column][et_pb_column type=&#8221;1_3&#8243; _builder_version=&#8221;4.16&#8243; _module_preset=&#8221;default&#8221; global_colors_info=&#8221;{}&#8221;][et_pb_image src=&#8221;https:\/\/ecobios-sofrapar.com\/wp-content\/uploads\/2021\/01\/fortiseve-foto-web_opt.jpg&#8221; title_text=&#8221;fortiseve foto web_opt&#8221; url=&#8221;@ET-DC@eyJkeW5hbWljIjp0cnVlLCJjb250ZW50IjoicG9zdF9saW5rX3VybF9wcm9kdWN0Iiwic2V0dGluZ3MiOnsicG9zdF9pZCI6IjU3MzIifX0=@&#8221; align=&#8221;center&#8221; _builder_version=&#8221;4.19.0&#8243; _dynamic_attributes=&#8221;url&#8221; _module_preset=&#8221;default&#8221; width=&#8221;86%&#8221; custom_padding=&#8221;0px||0px||true|false&#8221; global_colors_info=&#8221;{}&#8221;][\/et_pb_image][et_pb_text _builder_version=&#8221;4.16&#8243; _module_preset=&#8221;default&#8221; text_font=&#8221;neo sans-pro-225||on||||||&#8221; header_2_font=&#8221;neo sans-pro-873|||on|||||&#8221; header_2_text_align=&#8221;left&#8221; header_2_text_color=&#8221;rgba(0,0,0,0.56)&#8221; header_2_font_size=&#8221;28px&#8221; header_3_font=&#8221;neo sans-pro-light||on|on|||||&#8221; header_3_text_align=&#8221;left&#8221; header_3_text_color=&#8221;#808080&#8243; header_3_font_size=&#8221;28px&#8221; header_3_letter_spacing=&#8221;1px&#8221; header_4_text_align=&#8221;left&#8221; header_4_text_color=&#8221;#808080&#8243; header_5_font=&#8221;neo sans-pro-897||||||||&#8221; header_5_text_color=&#8221;#808080&#8243; header_5_font_size=&#8221;40px&#8221; header_5_line_height=&#8221;1.2em&#8221; module_alignment=&#8221;left&#8221; custom_margin=&#8221;20px||0px||false|false&#8221; custom_padding=&#8221;0px||0px||true|false&#8221; border_color_bottom=&#8221;rgba(51,51,51,0.29)&#8221; global_colors_info=&#8221;{}&#8221;]<\/p>\n<h2>ECOBIOS\u00ae FORTISEVE<\/h2>\n<h3>1 POCHE<\/h3>\n<p>(PRODUIT FORTEMENT CONCENTR\u00c9)<\/p>\n<h4>UTILISATION: 1 POCHE POUR CEPS MALADE<\/h4>\n<h5>9\u20acHT<\/h5>\n<p>[\/et_pb_text][et_pb_button button_url=&#8221;@ET-DC@eyJkeW5hbWljIjp0cnVlLCJjb250ZW50IjoicG9zdF9saW5rX3VybF9wcm9kdWN0Iiwic2V0dGluZ3MiOnsicG9zdF9pZCI6IjU3MzIifX0=@&#8221; button_text=&#8221;Ajouter au panier&#8221; button_alignment=&#8221;left&#8221; _builder_version=&#8221;4.19.0&#8243; _dynamic_attributes=&#8221;button_url&#8221; _module_preset=&#8221;default&#8221; custom_button=&#8221;on&#8221; button_text_color=&#8221;#ffffff&#8221; button_bg_color=&#8221;#adbf07&#8243; button_border_color=&#8221;rgba(0,0,0,0)&#8221; button_font=&#8221;neo sans-pro-985||||||||&#8221; button_use_icon=&#8221;off&#8221; custom_margin=&#8221;0px||-20px||false|false&#8221; custom_padding=&#8221;15px|25px|10px|25px|false|true&#8221; custom_css_main_element=&#8221;border-top-left-radius: 20px;||border-bottom-right-radius: 20px;||border-top-right-radius: 0px;||border-bottom-left-radius: 0px;||&#8221; global_colors_info=&#8221;{}&#8221; button_bg_color__hover_enabled=&#8221;on|desktop&#8221; button_bg_color__hover=&#8221;#9eaf05&#8243; button_bg_enable_color__hover=&#8221;on&#8221; custom_css_main_element__hover_enabled=&#8221;on|desktop&#8221; custom_css_main_element__hover=&#8221;border-top-left-radius: 0px;||border-bottom-right-radius: 0px;||border-top-right-radius: 20px;||border-bottom-left-radius: 20px;&#8221;][\/et_pb_button][\/et_pb_column][\/et_pb_row][\/et_pb_section]<\/p>\n","protected":false},"excerpt":{"rendered":"<p>RESPONSABILIT\u00c9 Nous avons choisi de proposer des produits de qualit\u00e9, efficaces et sans empreinte n\u00e9gative sur l\u2019environnement. Nous agissons pour retrouver l\u2019odeur de l\u2019humus, favoriser le go\u00fbt des aliments sains et redonner le plaisir de cultiver au m\u00e9tier d\u2019agriculteur.. ECOBIOS\u00ae C\u00c9R\u00c9ALES VOLUME NET:1L (PRODUIT FORTEMENT CONCENTR\u00c9) UTILISATION: 1L x 10 HECTARES 400\u20acHT ECOBIOS\u00ae ViGNE VOLUME [&hellip;]<\/p>\n","protected":false},"author":1,"featured_media":0,"parent":0,"menu_order":0,"comment_status":"closed","ping_status":"closed","template":"","meta":{"_et_pb_use_builder":"on","_et_pb_old_content":"","_et_gb_content_width":"","_monsterinsights_skip_tracking":false,"_monsterinsights_sitenote_active":false,"_monsterinsights_sitenote_note":"","_monsterinsights_sitenote_category":0,"footnotes":""},"class_list":["post-8118","page","type-page","status-publish","hentry"],"_links":{"self":[{"href":"https:\/\/ecobios-sofrapar.com\/it\/wp-json\/wp\/v2\/pages\/8118","targetHints":{"allow":["GET"]}}],"collection":[{"href":"https:\/\/ecobios-sofrapar.com\/it\/wp-json\/wp\/v2\/pages"}],"about":[{"href":"https:\/\/ecobios-sofrapar.com\/it\/wp-json\/wp\/v2\/types\/page"}],"author":[{"embeddable":true,"href":"https:\/\/ecobios-sofrapar.com\/it\/wp-json\/wp\/v2\/users\/1"}],"replies":[{"embeddable":true,"href":"https:\/\/ecobios-sofrapar.com\/it\/wp-json\/wp\/v2\/comments?post=8118"}],"version-history":[{"count":9,"href":"https:\/\/ecobios-sofrapar.com\/it\/wp-json\/wp\/v2\/pages\/8118\/revisions"}],"predecessor-version":[{"id":9424,"href":"https:\/\/ecobios-sofrapar.com\/it\/wp-json\/wp\/v2\/pages\/8118\/revisions\/9424"}],"wp:attachment":[{"href":"https:\/\/ecobios-sofrapar.com\/it\/wp-json\/wp\/v2\/media?parent=8118"}],"curies":[{"name":"wp","href":"https:\/\/api.w.org\/{rel}","templated":true}]}}