{"id":8075,"date":"2021-12-02T17:32:34","date_gmt":"2021-12-02T17:32:34","guid":{"rendered":"https:\/\/ecobios-sofrapar.com\/medias\/"},"modified":"2025-03-24T16:18:17","modified_gmt":"2025-03-24T16:18:17","slug":"medios","status":"publish","type":"page","link":"https:\/\/ecobios-sofrapar.com\/es\/medios\/","title":{"rendered":"ACTUALIDADES"},"content":{"rendered":"<p>[et_pb_section fb_built=\u00bb1&#8243; _builder_version=\u00bb4.27.4&#8243; _module_preset=\u00bbdefault\u00bb background_image=\u00bbhttps:\/\/ecobios-sofrapar.com\/wp-content\/uploads\/2024\/09\/fonde-png-port.png\u00bb custom_padding=\u00bb72px||0px|||\u00bb global_colors_info=\u00bb{}\u00bb][et_pb_row _builder_version=\u00bb4.23.1&#8243; custom_padding=\u00bb||0px||false|false\u00bb locked=\u00bboff\u00bb collapsed=\u00bbon\u00bb global_colors_info=\u00bb{}\u00bb][et_pb_column type=\u00bb4_4&#8243; _builder_version=\u00bb4.16&#8243; global_colors_info=\u00bb{}\u00bb][et_pb_text _builder_version=\u00bb4.23.1&#8243; text_font=\u00bbNeoSansPro Medium||||||||\u00bb header_font=\u00bbNeoSansPro BoldItalic||||||||\u00bb header_text_color=\u00bb#FFFFFF\u00bb header_font_size=\u00bb85px\u00bb header_line_height=\u00bb0.9em\u00bb header_2_font=\u00bbAbril Fatface||||||||\u00bb header_2_font_size=\u00bb56px\u00bb header_2_line_height=\u00bb1.1em\u00bb custom_margin=\u00bb-36px||12px||false|false\u00bb header_font_size_tablet=\u00bb54px\u00bb header_font_size_phone=\u00bb34px\u00bb header_font_size_last_edited=\u00bbon|phone\u00bb header_2_font_size_tablet=\u00bb36px\u00bb header_2_font_size_phone=\u00bb24px\u00bb header_2_font_size_last_edited=\u00bbon|phone\u00bb header_text_shadow_style=\u00bbpreset4&#8243; header_text_shadow_horizontal_length=\u00bb-0.09em\u00bb locked=\u00bboff\u00bb global_colors_info=\u00bb{}\u00bb]<\/p>\n<h1 style=\"text-align: center;\">ACTUALIDADES<\/h1>\n<p>[\/et_pb_text][\/et_pb_column][\/et_pb_row][\/et_pb_section][et_pb_section fb_built=\u00bb1&#8243; _builder_version=\u00bb4.27.4&#8243; _module_preset=\u00bbdefault\u00bb use_background_color_gradient=\u00bbon\u00bb background_color_gradient_direction=\u00bb176deg\u00bb custom_padding=\u00bb35px||6px|||\u00bb global_colors_info=\u00bb{}\u00bb][et_pb_row column_structure=\u00bb3_5,2_5&#8243; _builder_version=\u00bb4.27.4&#8243; _module_preset=\u00bbdefault\u00bb custom_margin=\u00bb-12px|auto||auto||\u00bb custom_padding=\u00bb10px|||||\u00bb global_colors_info=\u00bb{}\u00bb][et_pb_column type=\u00bb3_5&#8243; _builder_version=\u00bb4.27.4&#8243; _module_preset=\u00bbdefault\u00bb global_colors_info=\u00bb{}\u00bb][et_pb_image src=\u00bbhttps:\/\/ecobios-sofrapar.com\/wp-content\/uploads\/2025\/02\/father-and-son-8941870.jpg\u00bb title_text=\u00bbfather-and-son-8941870&#8243; align=\u00bbcenter\u00bb _builder_version=\u00bb4.27.4&#8243; _module_preset=\u00bbdefault\u00bb max_height=\u00bb371px\u00bb border_radii=\u00bbon|50px|50px|50px|50px\u00bb global_colors_info=\u00bb{}\u00bb][\/et_pb_image][\/et_pb_column][et_pb_column type=\u00bb2_5&#8243; _builder_version=\u00bb4.27.4&#8243; _module_preset=\u00bbdefault\u00bb global_colors_info=\u00bb{}\u00bb][et_pb_text _builder_version=\u00bb4.27.4&#8243; _module_preset=\u00bbdefault\u00bb text_font=\u00bbNeoSansPro Regular||||||||\u00bb text_font_size=\u00bb16px\u00bb header_font=\u00bbNeoSansPro Medium||||||||\u00bb header_text_color=\u00bb#FFFFFF\u00bb custom_margin=\u00bb77px||0px|||\u00bb border_width_bottom=\u00bb2px\u00bb border_color_bottom=\u00bb#FFFFFF\u00bb global_colors_info=\u00bb{}\u00bb]<\/p>\n<h1 style=\"text-align: center;\">\u00daltimas tendencias y consejos en agricultura sostenible<\/h1>\n<p>[\/et_pb_text][et_pb_text _builder_version=\u00bb4.27.4&#8243; _module_preset=\u00bbdefault\u00bb text_font=\u00bbNeoSansPro Regular||||||||\u00bb text_text_color=\u00bb#FFFFFF\u00bb text_font_size=\u00bb16px\u00bb header_font=\u00bbNeoSansPro Medium||||||||\u00bb custom_padding=\u00bb16px|||||\u00bb global_colors_info=\u00bb{}\u00bb]<\/p>\n<p style=\"text-align: center;\">Descubre nuevos m\u00e9todos y consejos para la optimizaci\u00f3n y gesti\u00f3n de cultivos, as\u00ed como las \u00faltimas investigaciones sobre la protecci\u00f3n natural de las plantas. Accede a art\u00edculos profundos sobre la defensa de los cultivos frente a los cambios clim\u00e1ticos y las enfermedades, al mismo tiempo que se fomenta una absorci\u00f3n m\u00e1xima de nutrientes a trav\u00e9s de enfoques sostenibles y respetuosos con el medio ambiente. <\/p>\n<p>[\/et_pb_text][\/et_pb_column][\/et_pb_row][\/et_pb_section][et_pb_section fb_built=\u00bb1&#8243; admin_label=\u00bbBlog\u00bb _builder_version=\u00bb4.16&#8243; custom_padding=\u00bb30px||17px|||\u00bb global_colors_info=\u00bb{}\u00bb][et_pb_row column_structure=\u00bb1_2,1_2&#8243; _builder_version=\u00bb4.27.4&#8243; _module_preset=\u00bbdefault\u00bb module_alignment=\u00bbcenter\u00bb custom_padding=\u00bb||0px|||\u00bb global_colors_info=\u00bb{}\u00bb][et_pb_column type=\u00bb1_2&#8243; _builder_version=\u00bb4.27.4&#8243; _module_preset=\u00bbdefault\u00bb global_colors_info=\u00bb{}\u00bb][et_pb_blog posts_number=\u00bb1&#8243; show_more=\u00bbon\u00bb show_author=\u00bboff\u00bb show_categories=\u00bboff\u00bb show_pagination=\u00bboff\u00bb _builder_version=\u00bb4.27.4&#8243; _module_preset=\u00bbdefault\u00bb header_font=\u00bbNeoSansPro Medium||||||||\u00bb body_font=\u00bbNeoSansPro Regular||||||||\u00bb body_font_size=\u00bb16px\u00bb read_more_font_size=\u00bb19px\u00bb max_width=\u00bb100%\u00bb module_alignment=\u00bbcenter\u00bb custom_padding=\u00bb||0px|||\u00bb border_width_bottom_fullwidth=\u00bb1px\u00bb global_colors_info=\u00bb{}\u00bb][\/et_pb_blog][\/et_pb_column][et_pb_column type=\u00bb1_2&#8243; _builder_version=\u00bb4.27.4&#8243; _module_preset=\u00bbdefault\u00bb global_colors_info=\u00bb{}\u00bb][et_pb_image src=\u00bbhttps:\/\/ecobios-sofrapar.com\/wp-content\/uploads\/2025\/01\/vigne-imp.jpg\u00bb title_text=\u00bbvigne imp\u00bb align=\u00bbcenter\u00bb _builder_version=\u00bb4.27.4&#8243; _module_preset=\u00bbdefault\u00bb module_alignment=\u00bbcenter\u00bb global_colors_info=\u00bb{}\u00bb][\/et_pb_image][\/et_pb_column][\/et_pb_row][\/et_pb_section][et_pb_section fb_built=\u00bb1&#8243; admin_label=\u00bbBlog\u00bb _builder_version=\u00bb4.27.4&#8243; background_image=\u00bbhttps:\/\/ecobios-sofrapar.com\/wp-content\/uploads\/2025\/01\/fondoflor.png\u00bb custom_padding=\u00bb14px|||||\u00bb global_colors_info=\u00bb{}\u00bb][et_pb_row _builder_version=\u00bb4.16&#8243; custom_margin=\u00bb-13px|auto||auto||\u00bb custom_padding=\u00bb29px|||||\u00bb global_colors_info=\u00bb{}\u00bb][et_pb_column type=\u00bb4_4&#8243; _builder_version=\u00bb4.16&#8243; global_colors_info=\u00bb{}\u00bb][et_pb_blog fullwidth=\u00bboff\u00bb posts_number=\u00bb8&#8243; show_more=\u00bbon\u00bb show_author=\u00bboff\u00bb offset_number=\u00bb1&#8243; _builder_version=\u00bb4.27.4&#8243; header_font=\u00bbNeoSansPro Medium|700|||||||\u00bb header_text_align=\u00bbcenter\u00bb header_text_color=\u00bb#2a3749&#8243; header_font_size=\u00bb16px\u00bb header_line_height=\u00bb1.3em\u00bb body_font=\u00bbNeoSansPro Regular||||||||\u00bb body_text_align=\u00bbcenter\u00bb body_font_size=\u00bb15px\u00bb body_line_height=\u00bb1.8em\u00bb meta_font=\u00bbPT Sans|700|||||||\u00bb meta_text_align=\u00bbcenter\u00bb meta_text_color=\u00bb#0C71C3&#8243; meta_font_size=\u00bb13px\u00bb read_more_text_color=\u00bb#0C71C3&#8243; read_more_font_size=\u00bb17px\u00bb read_more_line_height=\u00bb2.2em\u00bb pagination_font=\u00bbPT Sans|700|||||||\u00bb pagination_text_color=\u00bb#007aff\u00bb pagination_font_size=\u00bb24px\u00bb pagination_line_height=\u00bb1.8em\u00bb border_radii=\u00bbon|10px|10px|10px|10px\u00bb border_width_bottom=\u00bb4px\u00bb box_shadow_style=\u00bbpreset1&#8243; box_shadow_color=\u00bbrgba(12,113,195,0.13)\u00bb box_shadow_style_image=\u00bbpreset1&#8243; box_shadow_horizontal_image=\u00bb16px\u00bb box_shadow_vertical_image=\u00bb-5px\u00bb box_shadow_blur_image=\u00bb21px\u00bb locked=\u00bboff\u00bb global_colors_info=\u00bb{}\u00bb][\/et_pb_blog][\/et_pb_column][\/et_pb_row][\/et_pb_section]<\/p>\n","protected":false},"excerpt":{"rendered":"<p>ACTUALIDADES\u00daltimas tendencias y consejos en agricultura sostenibleDescubre nuevos m\u00e9todos y consejos para la optimizaci\u00f3n y gesti\u00f3n de cultivos, as\u00ed como las \u00faltimas investigaciones sobre la protecci\u00f3n natural de las plantas. Accede a art\u00edculos profundos sobre la defensa de los cultivos frente a los cambios clim\u00e1ticos y las enfermedades, al mismo tiempo que se fomenta una [&hellip;]<\/p>\n","protected":false},"author":1,"featured_media":0,"parent":0,"menu_order":0,"comment_status":"closed","ping_status":"closed","template":"","meta":{"_et_pb_use_builder":"on","_et_pb_old_content":"","_et_gb_content_width":"","_monsterinsights_skip_tracking":false,"_monsterinsights_sitenote_active":false,"_monsterinsights_sitenote_note":"","_monsterinsights_sitenote_category":0,"footnotes":""},"class_list":["post-8075","page","type-page","status-publish","hentry"],"_links":{"self":[{"href":"https:\/\/ecobios-sofrapar.com\/es\/wp-json\/wp\/v2\/pages\/8075","targetHints":{"allow":["GET"]}}],"collection":[{"href":"https:\/\/ecobios-sofrapar.com\/es\/wp-json\/wp\/v2\/pages"}],"about":[{"href":"https:\/\/ecobios-sofrapar.com\/es\/wp-json\/wp\/v2\/types\/page"}],"author":[{"embeddable":true,"href":"https:\/\/ecobios-sofrapar.com\/es\/wp-json\/wp\/v2\/users\/1"}],"replies":[{"embeddable":true,"href":"https:\/\/ecobios-sofrapar.com\/es\/wp-json\/wp\/v2\/comments?post=8075"}],"version-history":[{"count":6,"href":"https:\/\/ecobios-sofrapar.com\/es\/wp-json\/wp\/v2\/pages\/8075\/revisions"}],"predecessor-version":[{"id":12009,"href":"https:\/\/ecobios-sofrapar.com\/es\/wp-json\/wp\/v2\/pages\/8075\/revisions\/12009"}],"wp:attachment":[{"href":"https:\/\/ecobios-sofrapar.com\/es\/wp-json\/wp\/v2\/media?parent=8075"}],"curies":[{"name":"wp","href":"https:\/\/api.w.org\/{rel}","templated":true}]}}