{"id":8001,"date":"2021-12-02T16:40:09","date_gmt":"2021-12-02T16:40:09","guid":{"rendered":"https:\/\/ecobios-sofrapar.com\/boutique\/"},"modified":"2026-03-05T12:04:11","modified_gmt":"2026-03-05T12:04:11","slug":"tienda","status":"publish","type":"page","link":"https:\/\/ecobios-sofrapar.com\/es\/tienda\/","title":{"rendered":"Tienda"},"content":{"rendered":"<p>[et_pb_section fb_built=\u00bb1&#8243; admin_label=\u00bbHeader\u00bb _builder_version=\u00bb4.27.4&#8243; background_image=\u00bbhttps:\/\/ecobios-sofrapar.com\/wp-content\/uploads\/2024\/09\/imagen-qui-somme-nous-scaled.jpg\u00bb custom_padding=\u00bb||0px|||\u00bb locked=\u00bboff\u00bb collapsed=\u00bboff\u00bb global_colors_info=\u00bb{}\u00bb][et_pb_row _builder_version=\u00bb4.27.4&#8243; custom_padding=\u00bb57px||0px||false|false\u00bb collapsed=\u00bbon\u00bb global_colors_info=\u00bb{}\u00bb][et_pb_column type=\u00bb4_4&#8243; _builder_version=\u00bb4.16&#8243; global_colors_info=\u00bb{}\u00bb][et_pb_text _builder_version=\u00bb4.27.4&#8243; text_font=\u00bbNeoSansPro Medium||||||||\u00bb header_font=\u00bbNeoSansPro BoldItalic||||||||\u00bb header_text_color=\u00bb#FFFFFF\u00bb header_font_size=\u00bb85px\u00bb header_line_height=\u00bb0.9em\u00bb header_2_font=\u00bbAbril Fatface||||||||\u00bb header_2_font_size=\u00bb56px\u00bb header_2_line_height=\u00bb1.1em\u00bb width_phone=\u00bb100%\u00bb custom_margin=\u00bb-56px||-1px||false|false\u00bb custom_margin_tablet=\u00bb-56px||-1px||false|false\u00bb custom_margin_phone=\u00bb-59px||-1px||false|false\u00bb custom_margin_last_edited=\u00bbon|phone\u00bb custom_padding_tablet=\u00bb\u00bb custom_padding_phone=\u00bb||||false|false\u00bb custom_padding_last_edited=\u00bbon|phone\u00bb header_font_size_tablet=\u00bb54px\u00bb header_font_size_phone=\u00bb29px\u00bb header_font_size_last_edited=\u00bbon|phone\u00bb header_2_font_size_tablet=\u00bb36px\u00bb header_2_font_size_phone=\u00bb24px\u00bb header_2_font_size_last_edited=\u00bbon|phone\u00bb module_alignment_tablet=\u00bb\u00bb module_alignment_phone=\u00bbcenter\u00bb module_alignment_last_edited=\u00bbon|phone\u00bb header_text_shadow_style=\u00bbpreset4&#8243; header_text_shadow_horizontal_length=\u00bb-0.09em\u00bb locked=\u00bboff\u00bb global_colors_info=\u00bb{}\u00bb]<\/p>\n<h1 style=\"text-align: center;\">TIENDA ECOBIOS\u00ae<\/h1>\n<p>[\/et_pb_text][\/et_pb_column][\/et_pb_row][\/et_pb_section][et_pb_section fb_built=\u00bb1&#8243; _builder_version=\u00bb4.27.4&#8243; _module_preset=\u00bbdefault\u00bb background_enable_color=\u00bboff\u00bb background_image=\u00bbhttps:\/\/ecobios-sofrapar.com\/wp-content\/uploads\/2025\/01\/fondoflor.png\u00bb background_size=\u00bbcustom\u00bb background_image_width=\u00bb0%\u00bb background_image_height=\u00bb42%\u00bb background_repeat=\u00bbrepeat-y\u00bb custom_padding=\u00bb14px||22px|0px||\u00bb locked=\u00bboff\u00bb global_colors_info=\u00bb{}\u00bb][et_pb_row _builder_version=\u00bb4.27.4&#8243; _module_preset=\u00bbdefault\u00bb custom_margin=\u00bb-24px|auto|-15px|auto||\u00bb custom_padding=\u00bb23px|||||\u00bb locked=\u00bboff\u00bb global_colors_info=\u00bb{}\u00bb][et_pb_column type=\u00bb4_4&#8243; _builder_version=\u00bb4.27.4&#8243; _module_preset=\u00bbdefault\u00bb global_colors_info=\u00bb{}\u00bb][et_pb_text _builder_version=\u00bb4.27.4&#8243; _module_preset=\u00bbdefault\u00bb text_font=\u00bbNeoSansPro Regular||||||||\u00bb text_font_size=\u00bb17px\u00bb header_3_text_align=\u00bbcenter\u00bb header_3_font_size=\u00bb31px\u00bb header_3_line_height=\u00bb1.3em\u00bb text_orientation=\u00bbjustified\u00bb custom_margin=\u00bb20px||||false|false\u00bb custom_padding=\u00bb|20px|||false|false\u00bb global_colors_info=\u00bb{}\u00bb]<\/p>\n<h3 data-start=\"565\" data-end=\"621\">Su explotaci\u00f3n merece un presupuesto a la altura de sus ambiciones.<\/h3>\n<p data-start=\"968\" data-end=\"1071\" data-is-last-node=\"\" data-is-only-node=\"\">[\/et_pb_text][\/et_pb_column][\/et_pb_row][et_pb_row column_structure=\u00bb1_2,1_2&#8243; _builder_version=\u00bb4.27.4&#8243; custom_margin=\u00bb-8px|auto|86px|auto||\u00bb global_colors_info=\u00bb{}\u00bb][et_pb_column type=\u00bb1_2&#8243; _builder_version=\u00bb4.27.4&#8243; _module_preset=\u00bbdefault\u00bb global_colors_info=\u00bb{}\u00bb][et_pb_text _builder_version=\u00bb4.27.4&#8243; _module_preset=\u00bbdefault\u00bb text_font=\u00bbNeoSansPro Regular||||||||\u00bb text_font_size=\u00bb17px\u00bb header_3_text_align=\u00bbcenter\u00bb header_3_font_size=\u00bb31px\u00bb header_3_line_height=\u00bb1.3em\u00bb text_orientation=\u00bbjustified\u00bb custom_margin=\u00bb||||false|false\u00bb custom_padding=\u00bb|20px|||false|false\u00bb border_width_right=\u00bb2px\u00bb border_color_right=\u00bb#11931e\u00bb global_colors_info=\u00bb{}\u00bb]<\/p>\n<h1 data-start=\"460\" data-end=\"663\">\u00a1Solicite ahora su presupuesto personalizado!<\/h1>\n<p data-start=\"460\" data-end=\"663\">Nuestros especialistas est\u00e1n a su disposici\u00f3n para dise\u00f1ar un protocolo adaptado a su explotaci\u00f3n, sus objetivos y sus limitaciones. Rendimiento, resiliencia, calidad&#8230; Todo comienza con una buena estrategia. <\/p>\n<p data-start=\"665\" data-end=\"905\">Rellene el formulario en unos pocos clics para recibir su presupuesto personalizado.<br data-start=\"758\" data-end=\"761\">Nos pondremos en contacto con usted r\u00e1pidamente para hablar sobre sus necesidades y ofrecerle una soluci\u00f3n a medida, 100 % adaptada a su realidad sobre el terreno.<\/p>\n<p data-start=\"907\" data-end=\"953\"><strong data-start=\"907\" data-end=\"953\">Cultiva de otra manera, cultiva con Ecobios.<\/strong><\/p>\n<p data-start=\"968\" data-end=\"1071\" data-is-last-node=\"\" data-is-only-node=\"\">\n<p data-start=\"968\" data-end=\"1071\" data-is-last-node=\"\" data-is-only-node=\"\">[\/et_pb_text][\/et_pb_column][et_pb_column type=\u00bb1_2&#8243; _builder_version=\u00bb4.16&#8243; global_colors_info=\u00bb{}\u00bb][et_pb_contact_form use_spam_service=\u00bbon\u00bb recaptcha_list=\u00bbEcobios|Ecobios-0&#8243; recaptcha_min_score=\u00bb0.8&#8243; email=\u00bbcontact@sofrapar.fr \u00bb custom_message=\u00bbNombre: %%Name%%||et_pb_line_break_holder||Email: %%Email%%||et_pb_line_break_holder||Mensaje: %%Message%%\u00bb success_message=\u00bb\u00a1Gracias, su solicitud de presupuesto ha sido enviada correctamente! Le responderemos lo antes posible. \u00bb submit_button_text=\u00bbEnviar\u00bb module_id=\u00bbet_pb_contact_form_0&#8243; _builder_version=\u00bb4.27.4&#8243; _unique_id=\u00bb4d71cde9-2559-4cb7-aa48-59fdf45ea19e\u00bb form_field_background_color=\u00bbrgba(0,0,0,0)\u00bb form_field_text_color=\u00bb#2b343b\u00bb form_field_custom_margin=\u00bb||40px||false|false\u00bb title_level=\u00bbh2&#8243; title_font=\u00bbMontserrat|800||on|||||\u00bb title_font_size=\u00bb50px\u00bb title_letter_spacing=\u00bb3px\u00bb title_line_height=\u00bb1.8em\u00bb form_field_font=\u00bbMontserrat|700||on|||||\u00bb form_field_font_size=\u00bb12px\u00bb form_field_letter_spacing=\u00bb3px\u00bb form_field_line_height=\u00bb1.8em\u00bb custom_button=\u00bbon\u00bb button_text_size=\u00bb12px\u00bb button_text_color=\u00bb#ffffff\u00bb button_bg_color=\u00bb#2b343b\u00bb button_border_width=\u00bb0px\u00bb button_border_radius=\u00bb45px\u00bb button_letter_spacing=\u00bb3px\u00bb button_font=\u00bbMontserrat|700||on|||||\u00bb button_custom_padding=\u00bb20px|50px|20px|50px|true|true\u00bb custom_padding=\u00bb|1px||||\u00bb title_font_size_tablet=\u00bb24px\u00bb title_font_size_phone=\u00bb20px\u00bb title_font_size_last_edited=\u00bbon|desktop\u00bb border_width_all=\u00bb2px\u00bb border_color_all=\u00bb#ABA7A3&#8243; border_width_top=\u00bb0px\u00bb border_width_right=\u00bb0px\u00bb locked=\u00bboff\u00bb global_colors_info=\u00bb{}\u00bb][et_pb_contact_field field_id=\u00bbName\u00bb field_title=\u00bbNombre y apellido\u00bb fullwidth_field=\u00bbon\u00bb _builder_version=\u00bb4.27.4&#8243; global_colors_info=\u00bb{}\u00bb button_text_size__hover_enabled=\u00bboff\u00bb button_one_text_size__hover_enabled=\u00bboff\u00bb button_two_text_size__hover_enabled=\u00bboff\u00bb button_text_color__hover_enabled=\u00bboff\u00bb button_one_text_color__hover_enabled=\u00bboff\u00bb button_two_text_color__hover_enabled=\u00bboff\u00bb button_border_width__hover_enabled=\u00bboff\u00bb button_one_border_width__hover_enabled=\u00bboff\u00bb button_two_border_width__hover_enabled=\u00bboff\u00bb button_border_color__hover_enabled=\u00bboff\u00bb button_one_border_color__hover_enabled=\u00bboff\u00bb button_two_border_color__hover_enabled=\u00bboff\u00bb button_border_radius__hover_enabled=\u00bboff\u00bb button_one_border_radius__hover_enabled=\u00bboff\u00bb button_two_border_radius__hover_enabled=\u00bboff\u00bb button_letter_spacing__hover_enabled=\u00bboff\u00bb button_one_letter_spacing__hover_enabled=\u00bboff\u00bb button_two_letter_spacing__hover_enabled=\u00bboff\u00bb button_bg_color__hover_enabled=\u00bboff\u00bb button_one_bg_color__hover_enabled=\u00bboff\u00bb button_two_bg_color__hover_enabled=\u00bboff\u00bb][\/et_pb_contact_field][et_pb_contact_field field_id=\u00bbName_2&#8243; field_title=\u00bbNombre de la empresa\u00bb fullwidth_field=\u00bbon\u00bb _builder_version=\u00bb4.27.4&#8243; global_colors_info=\u00bb{}\u00bb button_text_size__hover_enabled=\u00bboff\u00bb button_one_text_size__hover_enabled=\u00bboff\u00bb button_two_text_size__hover_enabled=\u00bboff\u00bb button_text_color__hover_enabled=\u00bboff\u00bb button_one_text_color__hover_enabled=\u00bboff\u00bb button_two_text_color__hover_enabled=\u00bboff\u00bb button_border_width__hover_enabled=\u00bboff\u00bb button_one_border_width__hover_enabled=\u00bboff\u00bb button_two_border_width__hover_enabled=\u00bboff\u00bb button_border_color__hover_enabled=\u00bboff\u00bb button_one_border_color__hover_enabled=\u00bboff\u00bb button_two_border_color__hover_enabled=\u00bboff\u00bb button_border_radius__hover_enabled=\u00bboff\u00bb button_one_border_radius__hover_enabled=\u00bboff\u00bb button_two_border_radius__hover_enabled=\u00bboff\u00bb button_letter_spacing__hover_enabled=\u00bboff\u00bb button_one_letter_spacing__hover_enabled=\u00bboff\u00bb button_two_letter_spacing__hover_enabled=\u00bboff\u00bb button_bg_color__hover_enabled=\u00bboff\u00bb button_one_bg_color__hover_enabled=\u00bboff\u00bb button_two_bg_color__hover_enabled=\u00bboff\u00bb][\/et_pb_contact_field][et_pb_contact_field field_id=\u00bbEmail\u00bb field_title=\u00bbEmail\u00bb field_type=\u00bbemail\u00bb fullwidth_field=\u00bbon\u00bb _builder_version=\u00bb4.27.4&#8243; global_colors_info=\u00bb{}\u00bb button_text_size__hover_enabled=\u00bboff\u00bb button_one_text_size__hover_enabled=\u00bboff\u00bb button_two_text_size__hover_enabled=\u00bboff\u00bb button_text_color__hover_enabled=\u00bboff\u00bb button_one_text_color__hover_enabled=\u00bboff\u00bb button_two_text_color__hover_enabled=\u00bboff\u00bb button_border_width__hover_enabled=\u00bboff\u00bb button_one_border_width__hover_enabled=\u00bboff\u00bb button_two_border_width__hover_enabled=\u00bboff\u00bb button_border_color__hover_enabled=\u00bboff\u00bb button_one_border_color__hover_enabled=\u00bboff\u00bb button_two_border_color__hover_enabled=\u00bboff\u00bb button_border_radius__hover_enabled=\u00bboff\u00bb button_one_border_radius__hover_enabled=\u00bboff\u00bb button_two_border_radius__hover_enabled=\u00bboff\u00bb button_letter_spacing__hover_enabled=\u00bboff\u00bb button_one_letter_spacing__hover_enabled=\u00bboff\u00bb button_two_letter_spacing__hover_enabled=\u00bboff\u00bb button_bg_color__hover_enabled=\u00bboff\u00bb button_one_bg_color__hover_enabled=\u00bboff\u00bb button_two_bg_color__hover_enabled=\u00bboff\u00bb][\/et_pb_contact_field][et_pb_contact_field field_id=\u00bbT\u00e9l\u00e9phone\u00bb field_title=\u00bbTel\u00e9fono\u00bb field_type=\u00bbemail\u00bb fullwidth_field=\u00bbon\u00bb _builder_version=\u00bb4.27.4&#8243; global_colors_info=\u00bb{}\u00bb button_text_size__hover_enabled=\u00bboff\u00bb button_one_text_size__hover_enabled=\u00bboff\u00bb button_two_text_size__hover_enabled=\u00bboff\u00bb button_text_color__hover_enabled=\u00bboff\u00bb button_one_text_color__hover_enabled=\u00bboff\u00bb button_two_text_color__hover_enabled=\u00bboff\u00bb button_border_width__hover_enabled=\u00bboff\u00bb button_one_border_width__hover_enabled=\u00bboff\u00bb button_two_border_width__hover_enabled=\u00bboff\u00bb button_border_color__hover_enabled=\u00bboff\u00bb button_one_border_color__hover_enabled=\u00bboff\u00bb button_two_border_color__hover_enabled=\u00bboff\u00bb button_border_radius__hover_enabled=\u00bboff\u00bb button_one_border_radius__hover_enabled=\u00bboff\u00bb button_two_border_radius__hover_enabled=\u00bboff\u00bb button_letter_spacing__hover_enabled=\u00bboff\u00bb button_one_letter_spacing__hover_enabled=\u00bboff\u00bb button_two_letter_spacing__hover_enabled=\u00bboff\u00bb button_bg_color__hover_enabled=\u00bboff\u00bb button_one_bg_color__hover_enabled=\u00bboff\u00bb button_two_bg_color__hover_enabled=\u00bboff\u00bb][\/et_pb_contact_field][et_pb_contact_field field_id=\u00bbtype_de_culture\u00bb field_title=\u00bbtipo de cultivo \u00bb field_type=\u00bbselect\u00bb select_options=\u00bb%91{%22value%22:%22Cereales%22,%22checked%22:0,%22dragID%22:-1},{%22value%22:%22Vi\u00f1a%22,%22checked%22:0,%22dragID%22:0},{%22value%22:%22Patata%22,%22checked%22:0,%22dragID%22:1},{%22value%22:%22Horticultura%22,%22checked%22:0,%22dragID%22:2},{%22value%22:%22Arboricultura%22,%22checked%22:0,%22dragID%22:3}%93&#8243; fullwidth_field=\u00bbon\u00bb _builder_version=\u00bb4.27.4&#8243; global_colors_info=\u00bb{}\u00bb button_text_size__hover_enabled=\u00bboff\u00bb button_one_text_size__hover_enabled=\u00bboff\u00bb button_two_text_size__hover_enabled=\u00bboff\u00bb button_text_color__hover_enabled=\u00bboff\u00bb button_one_text_color__hover_enabled=\u00bboff\u00bb button_two_text_color__hover_enabled=\u00bboff\u00bb button_border_width__hover_enabled=\u00bboff\u00bb button_one_border_width__hover_enabled=\u00bboff\u00bb button_two_border_width__hover_enabled=\u00bboff\u00bb button_border_color__hover_enabled=\u00bboff\u00bb button_one_border_color__hover_enabled=\u00bboff\u00bb button_two_border_color__hover_enabled=\u00bboff\u00bb button_border_radius__hover_enabled=\u00bboff\u00bb button_one_border_radius__hover_enabled=\u00bboff\u00bb button_two_border_radius__hover_enabled=\u00bboff\u00bb button_letter_spacing__hover_enabled=\u00bboff\u00bb button_one_letter_spacing__hover_enabled=\u00bboff\u00bb button_two_letter_spacing__hover_enabled=\u00bboff\u00bb button_bg_color__hover_enabled=\u00bboff\u00bb button_one_bg_color__hover_enabled=\u00bboff\u00bb button_two_bg_color__hover_enabled=\u00bboff\u00bb][\/et_pb_contact_field][et_pb_contact_field field_id=\u00bbMessage\u00bb field_title=\u00bbMensaje\u00bb field_type=\u00bbtext\u00bb fullwidth_field=\u00bbon\u00bb _builder_version=\u00bb4.20.4&#8243; global_colors_info=\u00bb{}\u00bb button_text_size__hover_enabled=\u00bboff\u00bb button_one_text_size__hover_enabled=\u00bboff\u00bb button_two_text_size__hover_enabled=\u00bboff\u00bb button_text_color__hover_enabled=\u00bboff\u00bb button_one_text_color__hover_enabled=\u00bboff\u00bb button_two_text_color__hover_enabled=\u00bboff\u00bb button_border_width__hover_enabled=\u00bboff\u00bb button_one_border_width__hover_enabled=\u00bboff\u00bb button_two_border_width__hover_enabled=\u00bboff\u00bb button_border_color__hover_enabled=\u00bboff\u00bb button_one_border_color__hover_enabled=\u00bboff\u00bb button_two_border_color__hover_enabled=\u00bboff\u00bb button_border_radius__hover_enabled=\u00bboff\u00bb button_one_border_radius__hover_enabled=\u00bboff\u00bb button_two_border_radius__hover_enabled=\u00bboff\u00bb button_letter_spacing__hover_enabled=\u00bboff\u00bb button_one_letter_spacing__hover_enabled=\u00bboff\u00bb button_two_letter_spacing__hover_enabled=\u00bboff\u00bb button_bg_color__hover_enabled=\u00bboff\u00bb button_one_bg_color__hover_enabled=\u00bboff\u00bb button_two_bg_color__hover_enabled=\u00bboff\u00bb][\/et_pb_contact_field][\/et_pb_contact_form][\/et_pb_column][\/et_pb_row][et_pb_row _builder_version=\u00bb4.27.4&#8243; _module_preset=\u00bbdefault\u00bb min_height=\u00bb234.3px\u00bb custom_margin=\u00bb-6px|auto|-6px|auto|true|\u00bb custom_padding=\u00bb||15px|||\u00bb locked=\u00bboff\u00bb global_colors_info=\u00bb{}\u00bb][et_pb_column type=\u00bb4_4&#8243; _builder_version=\u00bb4.16&#8243; _module_preset=\u00bbdefault\u00bb global_colors_info=\u00bb{}\u00bb][et_pb_text _builder_version=\u00bb4.27.4&#8243; _module_preset=\u00bbdefault\u00bb header_2_font=\u00bb|||on|||||\u00bb header_2_text_align=\u00bbcenter\u00bb header_2_text_color=\u00bbrgba(0,0,0,0.56)\u00bb header_2_font_size=\u00bb38px\u00bb header_2_letter_spacing=\u00bb2px\u00bb header_3_font=\u00bbNeoSansPro Regular|||on|||||\u00bb header_3_text_align=\u00bbcenter\u00bb header_3_text_color=\u00bb#474747&#8243; header_3_font_size=\u00bb55px\u00bb header_3_letter_spacing=\u00bb1px\u00bb header_3_line_height=\u00bb1.2em\u00bb module_alignment=\u00bbcenter\u00bb custom_margin=\u00bb||21px|||\u00bb header_3_font_size_tablet=\u00bb\u00bb header_3_font_size_phone=\u00bb27px\u00bb header_3_font_size_last_edited=\u00bbon|phone\u00bb border_width_bottom=\u00bb2px\u00bb border_color_bottom=\u00bb#6B6B6B\u00bb global_colors_info=\u00bb{}\u00bb]<\/p>\n<h3>RESPONSABILIDAD<\/h3>\n<p>[\/et_pb_text][et_pb_text _builder_version=\u00bb4.27.4&#8243; _module_preset=\u00bbdefault\u00bb text_font=\u00bbNeoSansPro Regular||||||||\u00bb text_text_color=\u00bb#808080&#8243; text_font_size=\u00bb18px\u00bb text_line_height=\u00bb1.71em\u00bb text_orientation=\u00bbcenter\u00bb global_colors_info=\u00bb{}\u00bb]Hemos optado por ofrecer productos de calidad, eficaces y sin impacto negativo en el medio ambiente. Actuamos para recuperar el olor del humus, promover el sabor de los alimentos sanos y devolver el placer de cultivar al oficio de agricultor.<br \/>\n[\/et_pb_text][\/et_pb_column][\/et_pb_row][et_pb_row _builder_version=\u00bb4.27.4&#8243; _module_preset=\u00bbdefault\u00bb custom_padding=\u00bb6px|||||\u00bb global_colors_info=\u00bb{}\u00bb][et_pb_column type=\u00bb4_4&#8243; _builder_version=\u00bb4.27.4&#8243; _module_preset=\u00bbdefault\u00bb global_colors_info=\u00bb{}\u00bb][et_pb_text _builder_version=\u00bb4.27.4&#8243; _module_preset=\u00bbdefault\u00bb text_font=\u00bbNeoSansPro Medium|||on|||||\u00bb text_text_color=\u00bb#FFFFFF\u00bb text_font_size=\u00bb41px\u00bb background_image=\u00bbhttps:\/\/ecobios-sofrapar.com\/wp-content\/uploads\/2025\/02\/father-and-son-8941870.jpg\u00bb background_position=\u00bbtop_center\u00bb background_vertical_offset=\u00bb37%\u00bb text_orientation=\u00bbcenter\u00bb custom_padding=\u00bb42px||48px||false|false\u00bb text_font_size_tablet=\u00bb41px\u00bb text_font_size_phone=\u00bb35px\u00bb text_font_size_last_edited=\u00bbon|phone\u00bb text_line_height_tablet=\u00bb\u00bb text_line_height_phone=\u00bb1.1em\u00bb text_line_height_last_edited=\u00bbon|phone\u00bb module_alignment_tablet=\u00bb\u00bb module_alignment_phone=\u00bbcenter\u00bb module_alignment_last_edited=\u00bbon|phone\u00bb text_text_shadow_style=\u00bbpreset5&#8243; global_colors_info=\u00bb{}\u00bb]Innovaci\u00f3n para particulares<br \/>\n[\/et_pb_text][\/et_pb_column][\/et_pb_row][et_pb_row column_structure=\u00bb1_2,1_2&#8243; _builder_version=\u00bb4.27.4&#8243; _module_preset=\u00bbdefault\u00bb global_colors_info=\u00bb{}\u00bb][et_pb_column type=\u00bb1_2&#8243; _builder_version=\u00bb4.27.4&#8243; _module_preset=\u00bbdefault\u00bb global_colors_info=\u00bb{}\u00bb][et_pb_image src=\u00bbhttps:\/\/ecobios-sofrapar.com\/wp-content\/uploads\/2024\/06\/foto-kit-en-bosque-scaled-e1717667032343.jpg\u00bb title_text=\u00bbfoto kit en bosque\u00bb _builder_version=\u00bb4.27.4&#8243; _module_preset=\u00bbdefault\u00bb global_colors_info=\u00bb{}\u00bb][\/et_pb_image][et_pb_wc_add_to_cart product=\u00bb10426&#8243; show_quantity=\u00bboff\u00bb _builder_version=\u00bb4.27.4&#8243; _module_preset=\u00bbdefault\u00bb custom_button=\u00bbon\u00bb button_text_color=\u00bb#FFFFFF\u00bb button_bg_color=\u00bb#0C71C3&#8243; button_border_color=\u00bb#FFFFFF\u00bb button_border_radius=\u00bb48px\u00bb button_letter_spacing=\u00bb0px\u00bb button_font=\u00bbNeoSansPro Regular||||||||\u00bb custom_margin=\u00bb-58px||24px||false|false\u00bb custom_css_main_element=\u00bbdisplay: flex;|| justify-content: center;\u00bb locked=\u00bboff\u00bb global_colors_info=\u00bb{}\u00bb button_bg_color__hover=\u00bb#0C71C3&#8243; button_bg_color__hover_enabled=\u00bbon|hover\u00bb][\/et_pb_wc_add_to_cart][et_pb_text _builder_version=\u00bb4.27.4&#8243; _module_preset=\u00bbdefault\u00bb text_font=\u00bbNeoSansPro Regular||on||||||\u00bb header_2_font=\u00bbNeoSansPro Medium|||on|||||\u00bb header_2_text_align=\u00bbcenter\u00bb header_2_text_color=\u00bbrgba(0,0,0,0.56)\u00bb header_2_font_size=\u00bb28px\u00bb header_3_font=\u00bbNeoSansPro Light||on|on|||||\u00bb header_3_text_align=\u00bbcenter\u00bb header_3_text_color=\u00bb#808080&#8243; header_3_font_size=\u00bb20px\u00bb header_3_letter_spacing=\u00bb1px\u00bb header_4_font=\u00bbNeoSansPro Medium||||||||\u00bb header_4_text_align=\u00bbcenter\u00bb header_4_text_color=\u00bb#808080&#8243; header_4_font_size=\u00bb19px\u00bb header_5_font=\u00bbNeoSansPro Medium||||||||\u00bb header_5_text_color=\u00bb#808080&#8243; header_5_font_size=\u00bb40px\u00bb header_5_line_height=\u00bb1.2em\u00bb header_6_font=\u00bbNeoSansPro BoldItalic||||||||\u00bb header_6_text_color=\u00bb#6B6B6B\u00bb header_6_font_size=\u00bb21px\u00bb text_orientation=\u00bbcenter\u00bb module_alignment=\u00bbleft\u00bb min_height=\u00bb210.8px\u00bb custom_margin=\u00bb13px||0px||false|false\u00bb custom_padding=\u00bb0px||0px||true|false\u00bb border_color_bottom=\u00bbrgba(51,51,51,0.29)\u00bb locked=\u00bboff\u00bb global_colors_info=\u00bb{}\u00bb]<\/p>\n<h2>KIT AGRIMARIA<\/h2>\n<h3><strong>CONTIENE<\/strong><\/h3>\n<p><span style=\"font-size: 14px;\">&#8211; 3 c\u00e1psulas con semillas de \u00e1rbol -10ml de ECOBIOS 3CLA<\/span> <\/p>\n<h4><\/h4>\n<h4>UTILISATION: 10ml x 100<span class=\"mw-page-title-main\">m\u00b2<\/span><\/h4>\n<h6><strong>HT PRECIO POR KIT 22,5 \u20ac sin IVA<\/strong><\/h6>\n<p>[\/et_pb_text][\/et_pb_column][et_pb_column type=\u00bb1_2&#8243; _builder_version=\u00bb4.27.4&#8243; _module_preset=\u00bbdefault\u00bb global_colors_info=\u00bb{}\u00bb][et_pb_image src=\u00bbhttps:\/\/ecobios-sofrapar.com\/wp-content\/uploads\/2025\/02\/photo-creme-kinesique.jpg\u00bb title_text=\u00bbphoto creme kinesique\u00bb align=\u00bbcenter\u00bb _builder_version=\u00bb4.27.4&#8243; _module_preset=\u00bbdefault\u00bb module_alignment=\u00bbcenter\u00bb height=\u00bb442px\u00bb height_tablet=\u00bb442px\u00bb height_phone=\u00bb379px\u00bb height_last_edited=\u00bbon|phone\u00bb border_radii_tablet=\u00bb\u00bb border_radii_phone=\u00bbon|24px|24px|24px|24px\u00bb border_radii_last_edited=\u00bbon|phone\u00bb global_colors_info=\u00bb{}\u00bb][\/et_pb_image][et_pb_wc_add_to_cart product=\u00bb11795&#8243; show_quantity=\u00bboff\u00bb _builder_version=\u00bb4.27.4&#8243; _module_preset=\u00bbdefault\u00bb custom_button=\u00bbon\u00bb button_text_color=\u00bb#FFFFFF\u00bb button_bg_color=\u00bb#0C71C3&#8243; button_border_color=\u00bb#FFFFFF\u00bb button_border_radius=\u00bb48px\u00bb button_letter_spacing=\u00bb0px\u00bb button_font=\u00bbNeoSansPro Regular||||||||\u00bb custom_margin=\u00bb-58px||24px||false|false\u00bb custom_css_main_element=\u00bbdisplay: flex;|| justify-content: center;\u00bb locked=\u00bboff\u00bb global_colors_info=\u00bb{}\u00bb button_bg_color__hover=\u00bb#0C71C3&#8243; button_bg_color__hover_enabled=\u00bbon|hover\u00bb][\/et_pb_wc_add_to_cart][et_pb_text _builder_version=\u00bb4.27.4&#8243; _module_preset=\u00bbdefault\u00bb text_font=\u00bbNeoSansPro Regular||on||||||\u00bb header_text_align=\u00bbcenter\u00bb header_2_font=\u00bbNeoSansPro Medium|||on|||||\u00bb header_2_text_align=\u00bbcenter\u00bb header_2_text_color=\u00bbrgba(0,0,0,0.56)\u00bb header_2_font_size=\u00bb28px\u00bb header_3_font=\u00bbNeoSansPro Light||on|on|||||\u00bb header_3_text_align=\u00bbcenter\u00bb header_3_text_color=\u00bb#808080&#8243; header_3_font_size=\u00bb20px\u00bb header_3_letter_spacing=\u00bb1px\u00bb header_4_font=\u00bbNeoSansPro Medium||||||||\u00bb header_4_text_align=\u00bbcenter\u00bb header_4_text_color=\u00bb#808080&#8243; header_4_font_size=\u00bb19px\u00bb header_5_font=\u00bbNeoSansPro Medium||||||||\u00bb header_5_text_color=\u00bb#808080&#8243; header_5_font_size=\u00bb40px\u00bb header_5_line_height=\u00bb1.2em\u00bb header_6_font=\u00bbNeoSansPro BoldItalic||||||||\u00bb header_6_text_color=\u00bb#6B6B6B\u00bb header_6_font_size=\u00bb21px\u00bb text_orientation=\u00bbcenter\u00bb module_alignment=\u00bbcenter\u00bb min_height=\u00bb210.8px\u00bb custom_margin=\u00bb13px||0px|1px|false|false\u00bb custom_padding=\u00bb0px||0px||true|false\u00bb border_color_bottom=\u00bbrgba(51,51,51,0.29)\u00bb locked=\u00bboff\u00bb global_colors_info=\u00bb{}\u00bb]<\/p>\n<h2>CREMA KIN\u00c9SIQUE<\/h2>\n<h3><strong>CONTIENE<\/strong><\/h3>\n<p>LIPOP\u00c9PTIDO ACTIVO<\/p>\n<h4><\/h4>\n<h4>MULTIUSOS<\/h4>\n<h6><strong>P<\/strong><strong>RECIO <\/strong><strong>49\u20ac HT<\/strong><\/h6>\n<h4><\/h4>\n<p>[\/et_pb_text][\/et_pb_column][\/et_pb_row][\/et_pb_section]<\/p>\n","protected":false},"excerpt":{"rendered":"<p>TIENDA ECOBIOS\u00ae Su explotaci\u00f3n merece un presupuesto a la altura de sus ambiciones. \u00a1Solicite ahora su presupuesto personalizado! Nuestros especialistas est\u00e1n a su disposici\u00f3n para dise\u00f1ar un protocolo adaptado a su explotaci\u00f3n, sus objetivos y sus limitaciones. Rendimiento, resiliencia, calidad&#8230; Todo comienza con una buena estrategia. Rellene el formulario en unos pocos clics para recibir [&hellip;]<\/p>\n","protected":false},"author":1,"featured_media":0,"parent":0,"menu_order":0,"comment_status":"closed","ping_status":"closed","template":"","meta":{"_et_pb_use_builder":"on","_et_pb_old_content":"","_et_gb_content_width":"","_monsterinsights_skip_tracking":false,"_monsterinsights_sitenote_active":false,"_monsterinsights_sitenote_note":"","_monsterinsights_sitenote_category":0,"footnotes":""},"class_list":["post-8001","page","type-page","status-publish","hentry"],"_links":{"self":[{"href":"https:\/\/ecobios-sofrapar.com\/es\/wp-json\/wp\/v2\/pages\/8001","targetHints":{"allow":["GET"]}}],"collection":[{"href":"https:\/\/ecobios-sofrapar.com\/es\/wp-json\/wp\/v2\/pages"}],"about":[{"href":"https:\/\/ecobios-sofrapar.com\/es\/wp-json\/wp\/v2\/types\/page"}],"author":[{"embeddable":true,"href":"https:\/\/ecobios-sofrapar.com\/es\/wp-json\/wp\/v2\/users\/1"}],"replies":[{"embeddable":true,"href":"https:\/\/ecobios-sofrapar.com\/es\/wp-json\/wp\/v2\/comments?post=8001"}],"version-history":[{"count":29,"href":"https:\/\/ecobios-sofrapar.com\/es\/wp-json\/wp\/v2\/pages\/8001\/revisions"}],"predecessor-version":[{"id":12506,"href":"https:\/\/ecobios-sofrapar.com\/es\/wp-json\/wp\/v2\/pages\/8001\/revisions\/12506"}],"wp:attachment":[{"href":"https:\/\/ecobios-sofrapar.com\/es\/wp-json\/wp\/v2\/media?parent=8001"}],"curies":[{"name":"wp","href":"https:\/\/api.w.org\/{rel}","templated":true}]}}