{"id":8284,"date":"2021-12-02T20:31:29","date_gmt":"2021-12-02T20:31:29","guid":{"rendered":"https:\/\/ecobios-sofrapar.com\/mentions-legales-et-conditions-dutilisation-c-g-u\/"},"modified":"2021-12-02T20:31:30","modified_gmt":"2021-12-02T20:31:30","slug":"mentions-legales-et-conditions-dutilisation-c-g-u","status":"publish","type":"page","link":"https:\/\/ecobios-sofrapar.com\/en\/mentions-legales-et-conditions-dutilisation-c-g-u\/","title":{"rendered":"Mentions l\u00e9gales et conditions d\u2019utilisation (C.G.U)"},"content":{"rendered":"<p>[et_pb_section fb_built=&#8221;1&#8243; _builder_version=&#8221;3.22&#8243; global_colors_info=&#8221;{}&#8221;][et_pb_row _builder_version=&#8221;3.25&#8243; background_size=&#8221;initial&#8221; background_position=&#8221;top_left&#8221; background_repeat=&#8221;repeat&#8221; global_colors_info=&#8221;{}&#8221;][et_pb_column type=&#8221;4_4&#8243; _builder_version=&#8221;3.25&#8243; custom_padding=&#8221;|||&#8221; global_colors_info=&#8221;{}&#8221; custom_padding__hover=&#8221;|||&#8221;][et_pb_text _builder_version=&#8221;3.27.4&#8243; background_size=&#8221;initial&#8221; background_position=&#8221;top_left&#8221; background_repeat=&#8221;repeat&#8221; global_colors_info=&#8221;{}&#8221;]<\/p>\n<h1 style=%22text-align: center;%22>Mentions l\u00e9gales et conditions d\u2019utilisation (C.G.U)<\/h1>\n<ul>\n<li><strong>Mentions l\u00e9gales<\/strong><\/li>\n<\/ul>\n<p>Ce site internet est accessible \u00e0 travers l\u2019adresse URL <a href=%22https:\/\/ecobios-sofrapar.com\/en\/%22>https:\/\/ecobios-sofrapar.com<\/a> (ci-apr\u00e8s le \u00ab Site \u00bb. La soci\u00e9t\u00e9 \u00e0 Responsabilit\u00e9 Limit\u00e9e SOFRAPAR (ci-apr\u00e8s \u00ab SOFRAPAR \u00bb), au capital de 8.000 euros, est le propri\u00e9taire et l\u2019\u00e9diteur du Site. La soci\u00e9t\u00e9 SOFRAPAR a \u00e9t\u00e9 immatricul\u00e9e au Registre du Commerce et des soci\u00e9t\u00e9s de Paris, sous le num\u00e9ro 632 014 080. Son si\u00e8ge social se situe au : 53 Rue Gutenberg \u2013 75015 PARIS \u2013 France.<\/p>\n<p>SOFRAPAR est dirig\u00e9e par Christophe de Mil.<\/p>\n<p>&nbsp;<\/p>\n<p>Pour toute question, vous pouvez nous contacter par courrier \u00e0 l\u2019adresse du si\u00e8ge ou par courriel \u00e0 l\u2019adresse <a href=%22mailto:contact@sofrapar.fr%22>contact@sofrapar.fr<\/a>.<\/p>\n<p>&nbsp;<\/p>\n<p>Le Site est h\u00e9berg\u00e9 par la soci\u00e9t\u00e9 OVH, SAS au capital de 10.069.020 \u20ac, immatricul\u00e9e au RCS de Lille M\u00e9tropole sous le num\u00e9ro n\u00b0424 761 419 00045, dont le si\u00e8ge social est situ\u00e9 2 rue Kellermann &#8211; 59100 Roubaix \u2013 France<\/p>\n<p>&nbsp;<\/p>\n<p>Le Site a \u00e9t\u00e9 cr\u00e9\u00e9 par la CAFE AGENCE WEB, SARL au capital de 5.000 \u20ac, immatricul\u00e9e au RCS de Paris sous le num\u00e9ro n\u00b0825 241 649 dont le si\u00e8ge social est situ\u00e9 26 Rue des Foss\u00e9s Saint Bernard &#8211; 75005 Paris &#8211; France<\/p>\n<p><strong> <\/strong><\/p>\n<ul>\n<li><strong>Objectif<\/strong><\/li>\n<\/ul>\n<p>Le Site est un site internet gratuit qui a pour objet de fournir aux utilisateurs une information concernant les produits et activit\u00e9s d\u00e9velopp\u00e9s par la Soci\u00e9t\u00e9 SOFRAPAR.<\/p>\n<p>L\u2019utilisation du Site implique l\u2019acceptation pleine et enti\u00e8re des pr\u00e9sentes Conditions G\u00e9n\u00e9rales d\u2019Utilisation qui ont pour objet de d\u00e9finir les conditions et modalit\u00e9s du Site.<\/p>\n<p>En cons\u00e9quence, le Site vous invite \u00e0 prendre connaissance des pr\u00e9sentes Conditions G\u00e9n\u00e9rales d\u2019Utilisation que vous acceptez inconditionnellement et que vous vous engagez \u00e0 respecter.<\/p>\n<p>&nbsp;<\/p>\n<ul>\n<li><strong>D\u00e9finitions<\/strong><\/li>\n<\/ul>\n<p>Pour l\u2019application des pr\u00e9sentes Conditions G\u00e9n\u00e9rales d\u2019Utilisation, les mots et expressions ci-apr\u00e8s d\u00e9finis, orthographi\u00e9s en lettres majuscules, ont la signification suivante :<\/p>\n<p>&nbsp;<\/p>\n<p><strong><em>Conditions G\u00e9n\u00e9rales d\u2019Utilisation \/ CGU<\/em><\/strong> : d\u00e9signent les pr\u00e9sentes conditions g\u00e9n\u00e9rales d\u2019utilisation ;<\/p>\n<p><strong><em>SOFRAPAR\/ Nous \/ Notre soci\u00e9t\u00e9<\/em><\/strong> : d\u00e9signent la soci\u00e9t\u00e9 exploitant le Site, telle que d\u00e9sign\u00e9e dans les mentions l\u00e9gales du Site<\/p>\n<p><strong><em>Utilisateur \/ Vous <\/em><\/strong>: d\u00e9signent la personne sui utilise le Site<\/p>\n<p>&nbsp;<\/p>\n<ul>\n<li><strong>Acc\u00e8s au site et aux services<\/strong><\/li>\n<\/ul>\n<p>L\u2019acc\u00e8s au Site est par nature ouvert aux personnes majeures.<\/p>\n<p>Sur le plan technique, l\u2019acc\u00e8s qu Site est possible 24h sur 24 et 7 jours sur 7, sous r\u00e9serve de la survenance d\u2019un cas de force majeure, des pannes \u00e9ventuelles ou de toute op\u00e9ration de maintenance n\u00e9cessaire au bon fonctionnement du Site.<\/p>\n<p>&nbsp;<\/p>\n<p>En tout \u00e9tat de cause, Vous reconnaissez disposer de la comp\u00e9tence et des moyens n\u00e9cessaires pour acc\u00e9der et utiliser le Site. A ce titre, Vus devez disposer d\u2019un ordinateur ou de tout autre appareil b\u00e9n\u00e9ficiant d\u2019une connexion internet dont les param\u00e8tres permettent un bon fonctionnement du Site. Vous d\u00e9clarez en conna\u00eetre les risques et les accepter. Vous reconnaissez notamment que les informations qui y transitent ou y sont stock\u00e9es peuvent \u00eatre intercept\u00e9es ou alt\u00e9r\u00e9es ind\u00e9pendamment de la volont\u00e9 de SOFRAPAR.<\/p>\n<p>&nbsp;<\/p>\n<p>Il vous est cependant fortement recommand\u00e9 de prendre toutes les pr\u00e9cautions n\u00e9cessaires afin de vous pr\u00e9munir contre les effets de la piraterie, notamment en adoptant une configuration informatique s\u00e9curis\u00e9e et adapt\u00e9e, par la mise en place d\u2019un logiciel de d\u00e9tection de virus r\u00e9guli\u00e8rement mis \u00e0 jour.<\/p>\n<p>Vous vous engagez enfin \u00e0 ne pas utiliser les services propos\u00e9s par SOFRAPAR \u00e0 des fins commerciales, de marketing, de sollicitation et de publicit\u00e9. Si SOFRAPAR a connaissance, de quelque mani\u00e8re que ce soit, d\u2019une utilisation frauduleuse de ses services, elle se r\u00e9serve le droit de mettre fin au contrat, sans avertissement pr\u00e9alable ni indemnit\u00e9, ainsi que de refuser l\u2019acc\u00e8s futur \u00e0 tout ou partie de ses services \u00e0 la personne qui a d\u00e9tourn\u00e9 ou frauduleusement utilis\u00e9 ses services.<\/p>\n<p>&nbsp;<\/p>\n<p>&nbsp;<\/p>\n<ul>\n<li><strong>Responsabilit\u00e9 <\/strong><\/li>\n<\/ul>\n<p>SOFRAPAR ne saurait \u00eatre tenue pour responsable d\u2019un quelconque dysfonctionnement, contamination de votre \u00e9quipement informatique au cours ou apr\u00e8s votre navigation sur le Site, impossibilit\u00e9 d\u2019acc\u00e8s ou mauvaise condition d\u2019utilisation imputable \u00e0 ces \u00e9quipements, au fournisseur d\u2019acc\u00e8s internet, \u00e0 l\u2019encombrement du r\u00e9seau internet, ou toute autre raison ext\u00e9rieure \u00e0 SOFRAPAR. De la m\u00eame mani\u00e8re, les frais de communications \u00e9lectroniques ou t\u00e9l\u00e9phoniques qu\u2019induit l\u2019utilisation de ces \u00e9quipements sont \u00e0 votre charge exclusive et ne seront pas support\u00e9s par SOFRAPAR.<\/p>\n<p>&nbsp;<\/p>\n<p>Vous reconnaissez que SOFRAPAR se r\u00e9serve le droit de modifier, d\u2019interrompre temporairement ou de fa\u00e7on permanente tout ou partie des services. SOFRAPAR ne pourra voir sa responsabilit\u00e9 recherch\u00e9e en cas d\u2019impossibilit\u00e9 temporaire, partielle ou totale du site internet, notamment en cas de maintenance, en cas d\u2019incident technique et, plus g\u00e9n\u00e9ralement, en cas d\u2019\u00e9v\u00e9nement ext\u00e9rieur \u00e0 son contr\u00f4le.<\/p>\n<p>Vous reconnaissez enfin que SOFRAPAR n\u2019est pas responsable du contenu des commentaires qui peuvent \u00eatre post\u00e9s sur le Site, ceux-ci relevant de leurs auteurs, sa responsabilit\u00e9 pouvant toutefois \u00eatre engag\u00e9e s\u2019il est prouv\u00e9 qu\u2019il a \u00e9t\u00e9 inform\u00e9 d\u2019un contenu manifestement illicite, et qu\u2019il n\u2019a pas agi promptement pour le retirer.<\/p>\n<p>&nbsp;<\/p>\n<p>La responsabilit\u00e9 du Site ne peut \u00eatre engag\u00e9e en cas de force majeure ou du fait impr\u00e9visible et insurmontable d\u2019un tiers.<\/p>\n<p>&nbsp;<\/p>\n<ul>\n<li><strong>Droits de propri\u00e9t\u00e9 intellectuelle<\/strong><\/li>\n<\/ul>\n<p>Le Site et tous les \u00e9l\u00e9ments qui le composent notamment les marques, logos, photographies, programmes, donn\u00e9es, base de donn\u00e9es, images anim\u00e9es ou non, sons, dessins, graphismes, vid\u00e9os ou textes et autres que ceux relatifs \u00e0 des liens vers des sites sont la propri\u00e9t\u00e9 de SOFRAPAR ou font l\u2019objet d\u2019une licence accord\u00e9e \u00e0 son profit par tout titulaire de droits de propri\u00e9t\u00e9 intellectuelle.<\/p>\n<p>&nbsp;<\/p>\n<p>L\u2019ensemble de ces \u00e9l\u00e9ments est soumis aux dispositions du code de la propri\u00e9t\u00e9 intellectuelle et, \u00e0 ce titre, est prot\u00e9g\u00e9 contre toute utilisation non autoris\u00e9e par la loi ou les pr\u00e9sentes Conditions G\u00e9n\u00e9rales d\u2019Utilisation sous peine \u2013 en cas de manquement \u2013 de poursuites judiciaires. La consultation du site n\u2019emporte aucune licence, ni aucune cession des droits aff\u00e9rents aux \u00e9l\u00e9ments du Site, sauf stipulation expresse figurant sur le Site. Toute copie, reproduction, repr\u00e9sentation, adaptation ou modification, diffusion, int\u00e9grale ou partielle du Site ainsi que tout ou partie de son contenu, par quelque proc\u00e9d\u00e9 que ce soir et sur quelque support que ce soit est illicite, sauf accord pr\u00e9alable du directeur de la publication ou du titulaire des droits aff\u00e9rents \u00e0 l\u2019\u00e9l\u00e9ments du site en cause.<\/p>\n<p>&nbsp;<\/p>\n<p>Vous \u00eates autoris\u00e9 \u00e0 consulter, visionner et t\u00e9l\u00e9charger les documents et informations disponibles aux conditions suivantes :<\/p>\n<ul>\n<li>Les documents ne peuvent \u00eatre utilis\u00e9s qu\u2019\u00e0 titre personnel, pour information et dans un cadre strictement priv\u00e9, conform\u00e9ment \u00e0 l\u2019article L.122-5 2\u00b0 du code de la propri\u00e9t\u00e9 intellectuelle ;<\/li>\n<li>Les documents et informations ne peuvent \u00eatre modifi\u00e9s de quelque mani\u00e8re que ce soit.<\/li>\n<\/ul>\n<p>&nbsp;<\/p>\n<p>Les droits qui vous sont accord\u00e9s constituent une simple autorisation d\u2019utilisation et en aucun cas une cession des droits de propri\u00e9t\u00e9 intellectuelle aff\u00e9rents aux \u00e9l\u00e9ments du Site. L\u2019ensemble des signes distinctifs, logos et marques figurant sur le Site sont la propri\u00e9t\u00e9 de SOFRAPAR ou font l\u2019objet d\u2019une licence accord\u00e9e \u00e0 son profit et sont prot\u00e9g\u00e9s par les dispositions du code de la propri\u00e9t\u00e9 intellectuelle et du code civil relatives au droit des marques, au droit des dessins et mod\u00e8les et \u00e0 la responsabilit\u00e9 civile.<\/p>\n<p>&nbsp;<\/p>\n<p>Toute utilisation non autoris\u00e9e des contenus ou informations du Site, notamment \u00e0 des fins d\u2019exploitation commerciale, pourra faire l\u2019objet de poursuites sur la base d\u2019une action ou contrefa\u00e7on et\/ou d\u2019une action en concurrence d\u00e9loyale et\/ou parasitisme de la part des titulaires des droits en cause.<\/p>\n<p>&nbsp;<\/p>\n<ul>\n<li><strong>Modification<\/strong><\/li>\n<\/ul>\n<p>SOFRAPAR se r\u00e9serve le droit de modifier les pr\u00e9sentes Conditions G\u00e9n\u00e9rales d\u2019Utilisation du fait notamment d\u2019une \u00e9volution de ses services.<\/p>\n<p>C\u2019est pourquoi SOFRAPAR vous invite \u00e0 consulter r\u00e9guli\u00e8rement le Site et \u00e0 prendre connaissance des Conditions G\u00e9n\u00e9rales d\u2019Utilisation qui y sont disponibles.<\/p>\n<p><strong> <\/strong><\/p>\n<ul>\n<li><strong>Cession<\/strong><\/li>\n<\/ul>\n<p>Dans le cadre du transfert de la soci\u00e9t\u00e9 \u00e0 un tiers, les pr\u00e9sentes Conditions G\u00e9n\u00e9rales d\u2019Utilisation Vous liant \u00e0 SOFRAPAR seront automatiquement transf\u00e9r\u00e9es au cessionnaire si la cession n\u2019engendre pas une diminution.<\/p>\n<p>&nbsp;<\/p>\n<ul>\n<li><strong>Liens hypertextes<\/strong><\/li>\n<\/ul>\n<p>Le Site contient un certain nombre de liens hypertextes vers d\u2019autres sites, mis en place avec l\u2019autorisation de SOFRAPAR. Cependant, SOFRAPAR n\u2019a pas la possibilit\u00e9 de v\u00e9rifier le contenu des sites ainsi visit\u00e9s, et n\u2019assumera en cons\u00e9quence aucune responsabilit\u00e9 de ce fait.<\/p>\n<p>&nbsp;<\/p>\n<ul>\n<li><strong>Langue<\/strong><\/li>\n<\/ul>\n<p>Si les pr\u00e9sentes conditions sont traduites en toute autre langue et s\u2019il existe une contradiction entre la version en langue fran\u00e7aise disponible sur le site et sa traduction en quelque langue \u00e9trang\u00e8re, seule la version en langue fran\u00e7aise fera foi.<\/p>\n<p>&nbsp;<\/p>\n<ul>\n<li><strong>Loi applicable \/ attribution de juridiction<\/strong><\/li>\n<\/ul>\n<p>Les pr\u00e9sentes Conditions G\u00e9n\u00e9rales d\u2019Utilisation sont r\u00e9gies, interpr\u00e9t\u00e9es et appliqu\u00e9es conform\u00e9ment \u00e0 la loi fran\u00e7aise.<\/p>\n<p>Tout litige survenant concernant leur interpr\u00e9tation, leur modification ou leur ex\u00e9cution rel\u00e8vera, \u00e0 d\u00e9faut d\u2019accord amiable, de la comp\u00e9tence exclusive des juridictions fran\u00e7aises.<\/p>\n<p>[\/vc_column_text][\/vc_column][\/vc_row]<br \/>\n[\/et_pb_text][\/et_pb_column][\/et_pb_row][\/et_pb_section]<\/p>\n","protected":false},"excerpt":{"rendered":"<p>Mentions l\u00e9gales et conditions d\u2019utilisation (C.G.U) Mentions l\u00e9gales Ce site internet est accessible \u00e0 travers l\u2019adresse URL https:\/\/ecobios-sofrapar.com (ci-apr\u00e8s le \u00ab Site \u00bb. La soci\u00e9t\u00e9 \u00e0 Responsabilit\u00e9 Limit\u00e9e SOFRAPAR (ci-apr\u00e8s \u00ab SOFRAPAR \u00bb), au capital de 8.000 euros, est le propri\u00e9taire et l\u2019\u00e9diteur du Site. La soci\u00e9t\u00e9 SOFRAPAR a \u00e9t\u00e9 immatricul\u00e9e au Registre du Commerce [&hellip;]<\/p>\n","protected":false},"author":1,"featured_media":0,"parent":0,"menu_order":0,"comment_status":"closed","ping_status":"closed","template":"","meta":{"_et_pb_use_builder":"on","_et_pb_old_content":"","_et_gb_content_width":"","_monsterinsights_skip_tracking":false,"_monsterinsights_sitenote_active":false,"_monsterinsights_sitenote_note":"","_monsterinsights_sitenote_category":0,"footnotes":""},"class_list":["post-8284","page","type-page","status-publish","hentry"],"_links":{"self":[{"href":"https:\/\/ecobios-sofrapar.com\/en\/wp-json\/wp\/v2\/pages\/8284","targetHints":{"allow":["GET"]}}],"collection":[{"href":"https:\/\/ecobios-sofrapar.com\/en\/wp-json\/wp\/v2\/pages"}],"about":[{"href":"https:\/\/ecobios-sofrapar.com\/en\/wp-json\/wp\/v2\/types\/page"}],"author":[{"embeddable":true,"href":"https:\/\/ecobios-sofrapar.com\/en\/wp-json\/wp\/v2\/users\/1"}],"replies":[{"embeddable":true,"href":"https:\/\/ecobios-sofrapar.com\/en\/wp-json\/wp\/v2\/comments?post=8284"}],"version-history":[{"count":0,"href":"https:\/\/ecobios-sofrapar.com\/en\/wp-json\/wp\/v2\/pages\/8284\/revisions"}],"wp:attachment":[{"href":"https:\/\/ecobios-sofrapar.com\/en\/wp-json\/wp\/v2\/media?parent=8284"}],"curies":[{"name":"wp","href":"https:\/\/api.w.org\/{rel}","templated":true}]}}